{"id":15671,"date":"2025-05-19T16:07:21","date_gmt":"2025-05-19T14:07:21","guid":{"rendered":"https:\/\/www.servosis.com\/?page_id=15671"},"modified":"2025-06-16T14:14:46","modified_gmt":"2025-06-16T12:14:46","slug":"servosis-portugal-setor-aeroespacial","status":"publish","type":"page","link":"https:\/\/www.servosis.com\/en\/servosis-portugal-setor-aeroespacial\/","title":{"rendered":"Servosis Portugal | Setor Aeroespacial"},"content":{"rendered":"\t\t<div data-elementor-type=\"wp-page\" data-elementor-id=\"15671\" class=\"elementor elementor-15671\" data-elementor-post-type=\"page\">\n\t\t\t\t\t\t<section class=\"elementor-section elementor-top-section elementor-element elementor-element-6c08389 intro-section elementor-reverse-tablet elementor-section-boxed elementor-section-height-default elementor-section-height-default rt-parallax-bg-no\" data-id=\"6c08389\" data-element_type=\"section\" data-e-type=\"section\" data-settings=\"{&quot;background_background&quot;:&quot;classic&quot;}\">\n\t\t\t\t\t\t<div class=\"elementor-container elementor-column-gap-extended\">\n\t\t\t\t\t<div class=\"elementor-column elementor-col-50 elementor-top-column elementor-element elementor-element-047e342 animated-slow elementor-invisible\" data-id=\"047e342\" data-element_type=\"column\" data-e-type=\"column\" data-settings=\"{&quot;background_background&quot;:&quot;classic&quot;,&quot;animation&quot;:&quot;fadeInRight&quot;,&quot;animation_delay&quot;:4}\">\n\t\t\t<div class=\"elementor-widget-wrap elementor-element-populated\">\n\t\t\t\t\t\t<div class=\"elementor-element elementor-element-5512d49 elementor-widget elementor-widget-rt-text-with-button\" data-id=\"5512d49\" data-element_type=\"widget\" data-e-type=\"widget\" data-widget_type=\"rt-text-with-button.default\">\n\t\t\t\t<div class=\"elementor-widget-container\">\n\t\t\t\t\t<div class=\"title-text-button barhide text-style1\">\n\t\n\t\t\t<div class=\"section-content\"><h1><b>Tecnologia de Ensaio e Controlo para a Ind\u00fastria Aeron\u00e1utica Portuguesa<\/b><b><br \/><\/b><\/h1><p><span style=\"font-weight: 400\">A <b>Servosis<\/b> \u00e9 uma empresa especializada no <b>desenvolvimento de m\u00e1quinas de ensaio, servossistemas e sistemas de controlo industrial<\/b>. Com mais de 35 anos de experi\u00eancia no setor aeron\u00e1utico e presen\u00e7a internacional, agora chegamos a <b>Portugal<\/b> para oferecer solu\u00e7\u00f5es t\u00e9cnicas avan\u00e7adas \u00e0s empresas que procuram <b>otimizar os seus processos de qualidade, investiga\u00e7\u00e3o e produ\u00e7\u00e3o<\/b><\/span><\/p><\/div>\n\t<\/div>\t\t\t\t<\/div>\n\t\t\t\t<\/div>\n\t\t\t\t<div class=\"elementor-element elementor-element-8d70ebb elementor-widget elementor-widget-rt-info-box\" data-id=\"8d70ebb\" data-element_type=\"widget\" data-e-type=\"widget\" data-widget_type=\"rt-info-box.default\">\n\t\t\t\t<div class=\"elementor-widget-container\">\n\t\t\t\t\t<div class=\"info-box info-style7\">\n\t<div class=\"info-item media media-icon\">\n\t\t<div class=\"rtin-media\">\n\t\t\t \t\n\t\t\t\t\t\t\t<span class=\"info-icon\"><i class=\"fas fa-circle\"><\/i><\/span>\n\t\t\t\t\t\t\t\n\t\t<\/div>\n\t\t<div class=\"rtin-content media-body\">\n\t\t\t\t\t\t<h3 class=\"info-title\">+35 anos de experi\u00eancia em ensaios de materiais e controlo de processos industriais<\/h3>\n\t\t\t\t\t\t\t\t<\/div>\n\t<\/div>\n<\/div>\t\t\t\t<\/div>\n\t\t\t\t<\/div>\n\t\t\t\t<div class=\"elementor-element elementor-element-1fc6468 elementor-widget elementor-widget-rt-info-box\" data-id=\"1fc6468\" data-element_type=\"widget\" data-e-type=\"widget\" data-widget_type=\"rt-info-box.default\">\n\t\t\t\t<div class=\"elementor-widget-container\">\n\t\t\t\t\t<div class=\"info-box info-style7\">\n\t<div class=\"info-item media media-icon\">\n\t\t<div class=\"rtin-media\">\n\t\t\t \t\n\t\t\t\t\t\t\t<span class=\"info-icon\"><i class=\"fas fa-circle\"><\/i><\/span>\n\t\t\t\t\t\t\t\n\t\t<\/div>\n\t\t<div class=\"rtin-content media-body\">\n\t\t\t\t\t\t<h3 class=\"info-title\">Solu\u00e7\u00f5es espec\u00edficas para o setor aeroespacial e aeron\u00e1utico<\/h3>\n\t\t\t\t\t\t\t\t<\/div>\n\t<\/div>\n<\/div>\t\t\t\t<\/div>\n\t\t\t\t<\/div>\n\t\t\t\t<div class=\"elementor-element elementor-element-8775b7c elementor-widget elementor-widget-rt-info-box\" data-id=\"8775b7c\" data-element_type=\"widget\" data-e-type=\"widget\" data-widget_type=\"rt-info-box.default\">\n\t\t\t\t<div class=\"elementor-widget-container\">\n\t\t\t\t\t<div class=\"info-box info-style7\">\n\t<div class=\"info-item media media-icon\">\n\t\t<div class=\"rtin-media\">\n\t\t\t \t\n\t\t\t\t\t\t\t<span class=\"info-icon\"><i class=\"fas fa-circle\"><\/i><\/span>\n\t\t\t\t\t\t\t\n\t\t<\/div>\n\t\t<div class=\"rtin-content media-body\">\n\t\t\t\t\t\t<h3 class=\"info-title\">Equipamentos robustos para ensaios de tra\u00e7\u00e3o, compress\u00e3o, fadiga, flu\u00eancia<\/h3>\n\t\t\t\t\t\t\t\t<\/div>\n\t<\/div>\n<\/div>\t\t\t\t<\/div>\n\t\t\t\t<\/div>\n\t\t\t\t<div class=\"elementor-element elementor-element-f166e01 elementor-widget elementor-widget-rt-info-box\" data-id=\"f166e01\" data-element_type=\"widget\" data-e-type=\"widget\" data-widget_type=\"rt-info-box.default\">\n\t\t\t\t<div class=\"elementor-widget-container\">\n\t\t\t\t\t<div class=\"info-box info-style7\">\n\t<div class=\"info-item media media-icon\">\n\t\t<div class=\"rtin-media\">\n\t\t\t \t\n\t\t\t\t\t\t\t<span class=\"info-icon\"><i class=\"fas fa-circle\"><\/i><\/span>\n\t\t\t\t\t\t\t\n\t\t<\/div>\n\t\t<div class=\"rtin-content media-body\">\n\t\t\t\t\t\t<h3 class=\"info-title\">Desenvolvimento de sistemas de aquisi\u00e7\u00e3o de dados e automa\u00e7\u00e3o de testes<\/h3>\n\t\t\t\t\t\t\t\t<\/div>\n\t<\/div>\n<\/div>\t\t\t\t<\/div>\n\t\t\t\t<\/div>\n\t\t\t\t<div class=\"elementor-element elementor-element-7083105 elementor-widget elementor-widget-rt-info-box\" data-id=\"7083105\" data-element_type=\"widget\" data-e-type=\"widget\" data-widget_type=\"rt-info-box.default\">\n\t\t\t\t<div class=\"elementor-widget-container\">\n\t\t\t\t\t<div class=\"info-box info-style7\">\n\t<div class=\"info-item media media-icon\">\n\t\t<div class=\"rtin-media\">\n\t\t\t \t\n\t\t\t\t\t\t\t<span class=\"info-icon\"><i class=\"fas fa-circle\"><\/i><\/span>\n\t\t\t\t\t\t\t\n\t\t<\/div>\n\t\t<div class=\"rtin-content media-body\">\n\t\t\t\t\t\t<h3 class=\"info-title\">Apoio t\u00e9cnico especializado e solu\u00e7\u00f5es personalizadas para cada cliente<\/h3>\n\t\t\t\t\t\t\t\t<\/div>\n\t<\/div>\n<\/div>\t\t\t\t<\/div>\n\t\t\t\t<\/div>\n\t\t\t\t\t<\/div>\n\t\t<\/div>\n\t\t\t\t<div class=\"elementor-column elementor-col-50 elementor-top-column elementor-element elementor-element-0fba6dd animated-slow elementor-invisible\" data-id=\"0fba6dd\" data-element_type=\"column\" data-e-type=\"column\" data-settings=\"{&quot;animation&quot;:&quot;fadeInLeft&quot;,&quot;animation_delay&quot;:4,&quot;background_background&quot;:&quot;classic&quot;}\">\n\t\t\t<div class=\"elementor-widget-wrap elementor-element-populated\">\n\t\t\t\t\t\t<section class=\"elementor-section elementor-inner-section elementor-element elementor-element-df96db1 elementor-section-boxed elementor-section-height-default elementor-section-height-default rt-parallax-bg-no\" data-id=\"df96db1\" data-element_type=\"section\" data-e-type=\"section\" data-settings=\"{&quot;background_background&quot;:&quot;classic&quot;}\">\n\t\t\t\t\t\t<div class=\"elementor-container elementor-column-gap-default\">\n\t\t\t\t\t<div class=\"elementor-column elementor-col-100 elementor-inner-column elementor-element elementor-element-6c248b6\" data-id=\"6c248b6\" data-element_type=\"column\" data-e-type=\"column\">\n\t\t\t<div class=\"elementor-widget-wrap elementor-element-populated\">\n\t\t\t\t\t\t<div class=\"elementor-element elementor-element-ad5e6dd elementor-widget elementor-widget-text-editor\" data-id=\"ad5e6dd\" data-element_type=\"widget\" data-e-type=\"widget\" data-widget_type=\"text-editor.default\">\n\t\t\t\t<div class=\"elementor-widget-container\">\n\t\t\t\t\t\t\t\t\t<p><b>\ud83d\udcde Solicita una reuni\u00f3n gratuita con un ingeniero especializado<\/b><\/p><p><span style=\"font-weight: 400;\">Est\u00e1 a avaliar novos equipamentos de ensaio ou melhorias no seu processo de controlo de qualidade? Podemos ajud\u00e1-lo a desenvolver uma solu\u00e7\u00e3o \u00e0 medida.<\/span><\/p>\t\t\t\t\t\t\t\t<\/div>\n\t\t\t\t<\/div>\n\t\t\t\t<div class=\"elementor-element elementor-element-1a76fbb elementor-button-align-stretch elementor-widget elementor-widget-form\" data-id=\"1a76fbb\" data-element_type=\"widget\" data-e-type=\"widget\" data-settings=\"{&quot;step_next_label&quot;:&quot;Next&quot;,&quot;step_previous_label&quot;:&quot;Previous&quot;,&quot;button_width&quot;:&quot;100&quot;,&quot;step_type&quot;:&quot;number_text&quot;,&quot;step_icon_shape&quot;:&quot;circle&quot;}\" data-widget_type=\"form.default\">\n\t\t\t\t<div class=\"elementor-widget-container\">\n\t\t\t\t\t\t\t<form class=\"elementor-form\" method=\"post\" id=\"PRESUPUESTO\" name=\"PRESUPUESTO\" aria-label=\"PRESUPUESTO\">\n\t\t\t<input type=\"hidden\" name=\"post_id\" value=\"15671\"\/>\n\t\t\t<input type=\"hidden\" name=\"form_id\" value=\"1a76fbb\"\/>\n\t\t\t<input type=\"hidden\" name=\"referer_title\" value=\"- Servosis\" \/>\n\n\t\t\t\n\t\t\t<div class=\"elementor-form-fields-wrapper elementor-labels-\">\n\t\t\t\t\t\t\t\t<div class=\"elementor-field-type-text elementor-field-group elementor-column elementor-field-group-name elementor-col-50\">\n\t\t\t\t\t\t\t\t\t\t\t\t<label for=\"form-field-name\" class=\"elementor-field-label elementor-screen-only\">\n\t\t\t\t\t\t\t\tNome\t\t\t\t\t\t\t<\/label>\n\t\t\t\t\t\t\t\t\t\t\t\t\t\t<input size=\"1\" type=\"text\" name=\"form_fields[name]\" id=\"form-field-name\" class=\"elementor-field elementor-size-sm  elementor-field-textual\" placeholder=\"Nome\">\n\t\t\t\t\t\t\t\t\t\t\t<\/div>\n\t\t\t\t\t\t\t\t<div class=\"elementor-field-type-text elementor-field-group elementor-column elementor-field-group-field_13bf6a8 elementor-col-50\">\n\t\t\t\t\t\t\t\t\t\t\t\t<label for=\"form-field-field_13bf6a8\" class=\"elementor-field-label elementor-screen-only\">\n\t\t\t\t\t\t\t\tSobrenome\t\t\t\t\t\t\t<\/label>\n\t\t\t\t\t\t\t\t\t\t\t\t\t\t<input size=\"1\" type=\"text\" name=\"form_fields[field_13bf6a8]\" id=\"form-field-field_13bf6a8\" class=\"elementor-field elementor-size-sm  elementor-field-textual\" placeholder=\"Sobrenome\">\n\t\t\t\t\t\t\t\t\t\t\t<\/div>\n\t\t\t\t\t\t\t\t<div class=\"elementor-field-type-email elementor-field-group elementor-column elementor-field-group-email elementor-col-50 elementor-field-required\">\n\t\t\t\t\t\t\t\t\t\t\t\t<label for=\"form-field-email\" class=\"elementor-field-label elementor-screen-only\">\n\t\t\t\t\t\t\t\tEmail\t\t\t\t\t\t\t<\/label>\n\t\t\t\t\t\t\t\t\t\t\t\t\t\t<input size=\"1\" type=\"email\" name=\"form_fields[email]\" id=\"form-field-email\" class=\"elementor-field elementor-size-sm  elementor-field-textual\" placeholder=\"Email\" required=\"required\">\n\t\t\t\t\t\t\t\t\t\t\t<\/div>\n\t\t\t\t\t\t\t\t<div class=\"elementor-field-type-text elementor-field-group elementor-column elementor-field-group-field_a0be229 elementor-col-50 elementor-field-required\">\n\t\t\t\t\t\t\t\t\t\t\t\t<label for=\"form-field-field_a0be229\" class=\"elementor-field-label elementor-screen-only\">\n\t\t\t\t\t\t\t\tTelefone\t\t\t\t\t\t\t<\/label>\n\t\t\t\t\t\t\t\t\t\t\t\t\t\t<input size=\"1\" type=\"text\" name=\"form_fields[field_a0be229]\" id=\"form-field-field_a0be229\" class=\"elementor-field elementor-size-sm  elementor-field-textual\" placeholder=\"Telefone\" required=\"required\">\n\t\t\t\t\t\t\t\t\t\t\t<\/div>\n\t\t\t\t\t\t\t\t<div class=\"elementor-field-type-text elementor-field-group elementor-column elementor-field-group-field_3908351 elementor-col-100 elementor-field-required\">\n\t\t\t\t\t\t\t\t\t\t\t\t<label for=\"form-field-field_3908351\" class=\"elementor-field-label elementor-screen-only\">\n\t\t\t\t\t\t\t\tEmpresa\t\t\t\t\t\t\t<\/label>\n\t\t\t\t\t\t\t\t\t\t\t\t\t\t<input size=\"1\" type=\"text\" name=\"form_fields[field_3908351]\" id=\"form-field-field_3908351\" class=\"elementor-field elementor-size-sm  elementor-field-textual\" placeholder=\"Empresa\" required=\"required\">\n\t\t\t\t\t\t\t\t\t\t\t<\/div>\n\t\t\t\t\t\t\t\t<div class=\"elementor-field-type-textarea elementor-field-group elementor-column elementor-field-group-field_5f41540 elementor-col-100\">\n\t\t\t\t\t\t\t\t\t\t\t\t<label for=\"form-field-field_5f41540\" class=\"elementor-field-label elementor-screen-only\">\n\t\t\t\t\t\t\t\tComent\u00e1rios \/ Desafios atuais\t\t\t\t\t\t\t<\/label>\n\t\t\t\t\t\t<textarea class=\"elementor-field-textual elementor-field  elementor-size-sm\" name=\"form_fields[field_5f41540]\" id=\"form-field-field_5f41540\" rows=\"4\" placeholder=\"Coment\u00e1rios \/ Desafios atuais\"><\/textarea>\t\t\t\t<\/div>\n\t\t\t\t\t\t\t\t<div class=\"elementor-field-group elementor-column elementor-field-type-submit elementor-col-100 e-form__buttons\">\n\t\t\t\t\t<button class=\"elementor-button elementor-size-sm\" type=\"submit\" id=\"PRESUPUESTO\">\n\t\t\t\t\t\t<span class=\"elementor-button-content-wrapper\">\n\t\t\t\t\t\t\t\t\t\t\t\t\t\t\t\t\t\t\t\t\t\t<span class=\"elementor-button-text\">Enviar<\/span>\n\t\t\t\t\t\t\t\t\t\t\t\t\t<\/span>\n\t\t\t\t\t<\/button>\n\t\t\t\t<\/div>\n\t\t\t<\/div>\n\t\t<\/form>\n\t\t\t\t\t\t<\/div>\n\t\t\t\t<\/div>\n\t\t\t\t\t<\/div>\n\t\t<\/div>\n\t\t\t\t\t<\/div>\n\t\t<\/section>\n\t\t\t\t\t<\/div>\n\t\t<\/div>\n\t\t\t\t\t<\/div>\n\t\t<\/section>\n\t\t\t\t<\/div>\n\t\t","protected":false},"excerpt":{"rendered":"<p>Solicita tuPresupuesto En Servosis, dise\u00f1amos y fabricamos soluciones de ensayo que cumplen con los m\u00e1s altos est\u00e1ndares de calidad y precisi\u00f3n. Cu\u00e9ntanos qu\u00e9 necesitas y te enviaremos un presupuesto adaptado a tus requerimientos espec\u00edficos. . Equipos a medida para todo tipo de ensayos Actualizaci\u00f3n y reparaci\u00f3n de equipos Asesoramiento t\u00e9cnico especializado Completa el formulario y [&hellip;]<\/p>\n","protected":false},"author":7,"featured_media":0,"parent":0,"menu_order":0,"comment_status":"closed","ping_status":"closed","template":"","meta":{"_acf_changed":false,"om_disable_all_campaigns":false,"inline_featured_image":false,"_monsterinsights_skip_tracking":false,"_monsterinsights_sitenote_active":false,"_monsterinsights_sitenote_note":"","_monsterinsights_sitenote_category":0,"footnotes":""},"class_list":["post-15671","page","type-page","status-publish","hentry"],"acf":[],"_links":{"self":[{"href":"https:\/\/www.servosis.com\/en\/wp-json\/wp\/v2\/pages\/15671","targetHints":{"allow":["GET"]}}],"collection":[{"href":"https:\/\/www.servosis.com\/en\/wp-json\/wp\/v2\/pages"}],"about":[{"href":"https:\/\/www.servosis.com\/en\/wp-json\/wp\/v2\/types\/page"}],"author":[{"embeddable":true,"href":"https:\/\/www.servosis.com\/en\/wp-json\/wp\/v2\/users\/7"}],"replies":[{"embeddable":true,"href":"https:\/\/www.servosis.com\/en\/wp-json\/wp\/v2\/comments?post=15671"}],"version-history":[{"count":0,"href":"https:\/\/www.servosis.com\/en\/wp-json\/wp\/v2\/pages\/15671\/revisions"}],"wp:attachment":[{"href":"https:\/\/www.servosis.com\/en\/wp-json\/wp\/v2\/media?parent=15671"}],"curies":[{"name":"wp","href":"https:\/\/api.w.org\/{rel}","templated":true}]}}