{"id":11601,"date":"2022-11-10T14:15:10","date_gmt":"2022-11-10T14:15:10","guid":{"rendered":"https:\/\/www.servosis.com\/?page_id=11601"},"modified":"2023-02-08T10:04:31","modified_gmt":"2023-02-08T10:04:31","slug":"polityka-prywatnosci-servosis","status":"publish","type":"page","link":"https:\/\/www.servosis.com\/pl\/servosis-privacy-policy\/","title":{"rendered":"Servosis Privacy Policy"},"content":{"rendered":"<div data-elementor-type=\"wp-page\" data-elementor-id=\"11601\" class=\"elementor elementor-11601\" data-elementor-post-type=\"page\">\n\t\t\t\t\t\t<section class=\"elementor-section elementor-top-section elementor-element elementor-element-5fb468cb elementor-section-boxed elementor-section-height-default elementor-section-height-default rt-parallax-bg-no\" data-id=\"5fb468cb\" data-element_type=\"section\" data-e-type=\"section\">\n\t\t\t\t\t\t<div class=\"elementor-container elementor-column-gap-default\">\n\t\t\t\t\t<div class=\"elementor-column elementor-col-100 elementor-top-column elementor-element elementor-element-241410af\" data-id=\"241410af\" data-element_type=\"column\" data-e-type=\"column\">\n\t\t\t<div class=\"elementor-widget-wrap elementor-element-populated\">\n\t\t\t\t\t\t<div class=\"elementor-element elementor-element-130aa877 elementor-widget elementor-widget-text-editor\" data-id=\"130aa877\" data-element_type=\"widget\" data-e-type=\"widget\" data-widget_type=\"text-editor.default\">\n\t\t\t\t<div class=\"elementor-widget-container\">\n\t\t\t\t\t\t\t\t\t<div class=\"texto\"><p>SERVOSIS S.L. (adres: C \/ Fuentevieja 8-10 Pinto, Madryt, Hiszpania) jest w\u0142a\u015bcicielem danych osobowych, kt\u00f3re mo\u017cemy mie\u0107 od Ciebie i jest odpowiedzialny za zapewnienie ich bezpiecze\u0144stwa.<\/p><p>Pa\u0144stwa dane osobowe zosta\u0142y uzyskane bezpo\u015brednio od Pa\u0144stwa i b\u0119d\u0105 wykorzystywane wy\u0142\u0105cznie do cel\u00f3w zwi\u0105zanych z nasz\u0105 relacj\u0105 klient \u2013 dostawca, takich jak:<\/p><p>Komunikacja telefoniczna lub pisemna dotycz\u0105ca zam\u00f3wienia zakupu lub konsultacji technicznej otrzymanej od Pa\u0144stwa.<br \/>Komunikacja telefoniczna lub pisemna w celu rozpowszechniania wiadomo\u015bci lub zmian w naszych produktach lub us\u0142ugach.<br \/>Przesy\u0142anie bud\u017cet\u00f3w lub informacji technicznych naszych produkt\u00f3w lub us\u0142ug.<\/p><p>Pa\u0144stwa dane b\u0119d\u0105 wykorzystywane wy\u0142\u0105cznie przez wyznaczony personel.<\/p><p>Pa\u0144stwa dane nie b\u0119d\u0105 przekazywane osobom trzecim bez Pa\u0144stwa wyra\u017anej zgody.<\/p><p>Twoje prawa dotycz\u0105ce Twoich danych to:<\/p><p>Dost\u0119p: mo\u017cesz poprosi\u0107 nas o dane, kt\u00f3re posiadamy od Ciebie.<br \/>Sprostowanie: mo\u017cesz poprosi\u0107 nas o zmian\u0119 danych.<br \/>Przeno\u015bno\u015b\u0107: mo\u017cesz poprosi\u0107 nas o kopi\u0119 swoich danych, a my dostarczymy je w czytelnym formacie.<br \/>Ograniczenie traktowania: mog\u0105 Pa\u0144stwo ograniczy\u0107 traktowanie swoich danych.<br \/>Anulowanie: mo\u017cesz poprosi\u0107 nas o usuni\u0119cie Twoich danych dla kt\u00f3regokolwiek z opisanych cel\u00f3w.<br \/>Zobowi\u0105zanie: mo\u017cesz poprosi\u0107 nas o definitywne usuni\u0119cie Twoich danych, a my nie b\u0119dziemy ich wi\u0119cej u\u017cywa\u0107.<br \/>Roszczenie: mo\u017cesz z\u0142o\u017cy\u0107 skarg\u0119 do w\u0142a\u015bciwego organu (http:\/\/www.aepd.es).<\/p><p>Aby skorzysta\u0107 z kt\u00f3regokolwiek z tych praw, nale\u017cy wys\u0142a\u0107 e-mail na adres comercial@servosis.com z tematem \u00abDERECHOS PROTECCI\u00d3N DE DATOS\u00bb, wyja\u015bniaj\u0105c swoje \u017c\u0105danie i do\u0142\u0105czaj\u0105c kopi\u0119 dokumentu to\u017csamo\u015bci w celu sprawdzenia to\u017csamo\u015bci.<\/p><\/div>\t\t\t\t\t\t\t\t<\/div>\n\t\t\t\t<\/div>\n\t\t\t\t\t<\/div>\n\t\t<\/div>\n\t\t\t\t\t<\/div>\n\t\t<\/section>\n\t\t\t\t<\/div>","protected":false},"excerpt":{"rendered":"<p>SERVOSIS S.L. (adres: C \/ Fuentevieja 8-10 Pinto, Madryt, Hiszpania) jest w\u0142a\u015bcicielem danych osobowych, kt\u00f3re mo\u017cemy mie\u0107 od Ciebie i jest odpowiedzialny za zapewnienie ich bezpiecze\u0144stwa. Pa\u0144stwa dane osobowe zosta\u0142y uzyskane bezpo\u015brednio od Pa\u0144stwa i b\u0119d\u0105 wykorzystywane wy\u0142\u0105cznie do cel\u00f3w zwi\u0105zanych z nasz\u0105 relacj\u0105 klient &#8211; dostawca, takich jak: Komunikacja telefoniczna lub pisemna dotycz\u0105ca zam\u00f3wienia [&hellip;]<\/p>\n","protected":false},"author":2,"featured_media":0,"parent":0,"menu_order":0,"comment_status":"closed","ping_status":"closed","template":"","meta":{"_acf_changed":false,"om_disable_all_campaigns":false,"inline_featured_image":false,"_monsterinsights_skip_tracking":false,"_monsterinsights_sitenote_active":false,"_monsterinsights_sitenote_note":"","_monsterinsights_sitenote_category":0,"footnotes":""},"class_list":["post-11601","page","type-page","status-publish","hentry"],"acf":[],"_links":{"self":[{"href":"https:\/\/www.servosis.com\/pl\/wp-json\/wp\/v2\/pages\/11601","targetHints":{"allow":["GET"]}}],"collection":[{"href":"https:\/\/www.servosis.com\/pl\/wp-json\/wp\/v2\/pages"}],"about":[{"href":"https:\/\/www.servosis.com\/pl\/wp-json\/wp\/v2\/types\/page"}],"author":[{"embeddable":true,"href":"https:\/\/www.servosis.com\/pl\/wp-json\/wp\/v2\/users\/2"}],"replies":[{"embeddable":true,"href":"https:\/\/www.servosis.com\/pl\/wp-json\/wp\/v2\/comments?post=11601"}],"version-history":[{"count":0,"href":"https:\/\/www.servosis.com\/pl\/wp-json\/wp\/v2\/pages\/11601\/revisions"}],"wp:attachment":[{"href":"https:\/\/www.servosis.com\/pl\/wp-json\/wp\/v2\/media?parent=11601"}],"curies":[{"name":"wp","href":"https:\/\/api.w.org\/{rel}","templated":true}]}}