{"id":11614,"date":"2022-11-10T14:18:16","date_gmt":"2022-11-10T12:18:16","guid":{"rendered":"https:\/\/www.servosis.com\/?page_id=11614"},"modified":"2024-11-18T16:19:49","modified_gmt":"2024-11-18T14:19:49","slug":"informacja-prawna","status":"publish","type":"page","link":"https:\/\/www.servosis.com\/pl\/aviso-legal\/","title":{"rendered":"Nota prawna"},"content":{"rendered":"<div data-elementor-type=\"wp-page\" data-elementor-id=\"11614\" class=\"elementor elementor-11614\" data-elementor-post-type=\"page\">\n\t\t\t\t\t\t<section class=\"elementor-section elementor-top-section elementor-element elementor-element-e3c6600 elementor-section-boxed elementor-section-height-default elementor-section-height-default rt-parallax-bg-no\" data-id=\"e3c6600\" data-element_type=\"section\" data-e-type=\"section\">\n\t\t\t\t\t\t<div class=\"elementor-container elementor-column-gap-default\">\n\t\t\t\t\t<div class=\"elementor-column elementor-col-100 elementor-top-column elementor-element elementor-element-73e82e1\" data-id=\"73e82e1\" data-element_type=\"column\" data-e-type=\"column\">\n\t\t\t<div class=\"elementor-widget-wrap elementor-element-populated\">\n\t\t\t\t\t\t<div class=\"elementor-element elementor-element-b6dae6d elementor-widget elementor-widget-text-editor\" data-id=\"b6dae6d\" data-element_type=\"widget\" data-e-type=\"widget\" data-widget_type=\"text-editor.default\">\n\t\t\t\t<div class=\"elementor-widget-container\">\n\t\t\t\t\t\t\t\t\t<p class=\"translation-block\">Data ostatniej aktualizacji: 05\/04\/2024<br><br><strong>1. W\u0142asno\u015b\u0107 strony<\/strong>:<br> Niniejsza strona internetowa jest w\u0142asno\u015bci\u0105 SERVOSIS, S.L., z siedzib\u0105 przy Calle Fuentevieja 8,10. 28320 Pinto, Madryt, Hiszpania, i jest obs\u0142ugiwana przez SERVOSIS, S.L.<br><br><strong>2. Zawarto\u015b\u0107 strony<\/strong>:<br> Informacje zawarte na tej stronie s\u0142u\u017c\u0105 wy\u0142\u0105cznie celom informacyjnym i nie stanowi\u0105 porady prawnej, finansowej ani zawodowej.<br><br><strong>3. Linki zewn\u0119trzne<\/strong>:<br>Ta strona mo\u017ce zawiera\u0107 linki do zewn\u0119trznych stron internetowych, nad kt\u00f3rymi nie mamy kontroli. Nie ponosimy odpowiedzialno\u015bci za tre\u015bci lub praktyki dotycz\u0105ce prywatno\u015bci na takich stronach.<br><br><strong>4. Prawo w\u0142a\u015bciwe<\/strong>:<br> Niniejsza witryna podlega prawu Madrytu, Hiszpania. Wszelkie spory b\u0119d\u0105 rozstrzygane przez s\u0105dy Wsp\u00f3lnoty Autonomicznej Madrytu.<br><br><strong>5. Zmiany noty prawnej<\/strong>:<br>Zastrzegamy sobie prawo do aktualizacji niniejszej noty prawnej, a zmiany b\u0119d\u0105 obowi\u0105zywa\u0107 od momentu ich opublikowania na stronie.<\/p>\t\t\t\t\t\t\t\t<\/div>\n\t\t\t\t<\/div>\n\t\t\t\t\t<\/div>\n\t\t<\/div>\n\t\t\t\t\t<\/div>\n\t\t<\/section>\n\t\t\t\t<\/div>","protected":false},"excerpt":{"rendered":"<p>Fecha de \u00faltima actualizaci\u00f3n: 05\/04\/2024 1. Propiedad del sitio: Este sitio web es propiedad de SERVOSIS, S.L., con domicilio en Calle Fuentevieja 8,10. 28320 Pinto, Madrid, Spain, y est\u00e1 operado por SERVOSIS, S.L. 2. Contenido del sitio: La informaci\u00f3n proporcionada en este sitio es solo para fines informativos y no constituye asesoramiento legal, financiero o [&hellip;]<\/p>\n","protected":false},"author":2,"featured_media":0,"parent":0,"menu_order":0,"comment_status":"closed","ping_status":"closed","template":"","meta":{"_acf_changed":false,"om_disable_all_campaigns":false,"inline_featured_image":false,"_monsterinsights_skip_tracking":false,"_monsterinsights_sitenote_active":false,"_monsterinsights_sitenote_note":"","_monsterinsights_sitenote_category":0,"footnotes":""},"class_list":["post-11614","page","type-page","status-publish","hentry"],"acf":[],"_links":{"self":[{"href":"https:\/\/www.servosis.com\/pl\/wp-json\/wp\/v2\/pages\/11614","targetHints":{"allow":["GET"]}}],"collection":[{"href":"https:\/\/www.servosis.com\/pl\/wp-json\/wp\/v2\/pages"}],"about":[{"href":"https:\/\/www.servosis.com\/pl\/wp-json\/wp\/v2\/types\/page"}],"author":[{"embeddable":true,"href":"https:\/\/www.servosis.com\/pl\/wp-json\/wp\/v2\/users\/2"}],"replies":[{"embeddable":true,"href":"https:\/\/www.servosis.com\/pl\/wp-json\/wp\/v2\/comments?post=11614"}],"version-history":[{"count":0,"href":"https:\/\/www.servosis.com\/pl\/wp-json\/wp\/v2\/pages\/11614\/revisions"}],"wp:attachment":[{"href":"https:\/\/www.servosis.com\/pl\/wp-json\/wp\/v2\/media?parent=11614"}],"curies":[{"name":"wp","href":"https:\/\/api.w.org\/{rel}","templated":true}]}}