{"id":3,"date":"2021-09-30T03:00:36","date_gmt":"2021-09-30T03:00:36","guid":{"rendered":"https:\/\/www.servosis.wsi.devsite.es\/?page_id=3"},"modified":"2024-11-18T16:22:19","modified_gmt":"2024-11-18T14:22:19","slug":"polityka-prywatnosci","status":"publish","type":"page","link":"https:\/\/www.servosis.com\/pl\/politica-privacidad\/","title":{"rendered":"Polityka prywatno\u015bci"},"content":{"rendered":"<div data-elementor-type=\"wp-page\" data-elementor-id=\"3\" class=\"elementor elementor-3\" data-elementor-post-type=\"page\">\n\t\t\t\t\t\t<section class=\"elementor-section elementor-top-section elementor-element elementor-element-5fb468cb elementor-section-boxed elementor-section-height-default elementor-section-height-default rt-parallax-bg-no\" data-id=\"5fb468cb\" data-element_type=\"section\" data-e-type=\"section\">\n\t\t\t\t\t\t<div class=\"elementor-container elementor-column-gap-default\">\n\t\t\t\t\t<div class=\"elementor-column elementor-col-100 elementor-top-column elementor-element elementor-element-241410af\" data-id=\"241410af\" data-element_type=\"column\" data-e-type=\"column\">\n\t\t\t<div class=\"elementor-widget-wrap elementor-element-populated\">\n\t\t\t\t\t\t<div class=\"elementor-element elementor-element-130aa877 elementor-widget elementor-widget-text-editor\" data-id=\"130aa877\" data-element_type=\"widget\" data-e-type=\"widget\" data-widget_type=\"text-editor.default\">\n\t\t\t\t<div class=\"elementor-widget-container\">\n\t\t\t\t\t\t\t\t\t<div class=\"texto\"><p>Data ostatniej aktualizacji: 04.05.2024<\/p><p><strong>1. Zebrane informacje<\/strong>:<br \/>Gromadzimy dane osobowe, takie jak imi\u0119 i nazwisko, adres e-mail i numer telefonu, gdy u\u017cytkownicy dobrowolnie podaj\u0105 je za po\u015brednictwem formularzy kontaktowych, subskrypcji lub podczas dokonywania zakup\u00f3w.<\/p><p><strong>2. Wykorzystanie informacji<\/strong>:<br \/>Wykorzystujemy zebrane informacje do przetwarzania transakcji, wysy\u0142ania aktualizacji o produktach\/us\u0142ugach, odpowiadania na zapytania i personalizowania do\u015bwiadczenia u\u017cytkownika.<\/p><p><strong>3. Udost\u0119pnij informacje<\/strong>:<br \/>Nie udost\u0119pniamy danych osobowych stronom trzecim, chyba \u017ce jest to konieczne do wywi\u0105zania si\u0119 z obowi\u0105zk\u00f3w prawnych.<\/p><p><strong>4. Bezpiecze\u0144stwo<\/strong>:<br \/>Wdra\u017camy \u015brodki bezpiecze\u0144stwa, aby chroniczne dane osobowe przed nieuprawnionym ujawnieniem lub ujawnieniem.<\/p><p class=\"translation-block\"><strong>5. Pliki cookie<\/strong>:<br>Podczas korzystania z naszej strony internetowej pliki cookie mog\u0105 by\u0107 przechowywane na urz\u0105dzeniu u\u017cytkownika w celu poprawy komfortu przegl\u0105dania i gromadzenia danych statystycznych. Prosz\u0119 zapozna\u0107 si\u0119 z nasz\u0105 Polityk\u0105 plik\u00f3w cookie w celu uzyskania szczeg\u00f3\u0142owych informacji.<\/p><p><strong>6. Dost\u0119p i kontrola informacji<\/strong>:<br \/>U\u017cytkownicy mog\u0105 za\u017c\u0105da\u0107 dost\u0119pu, poprawienia lub usuni\u0119cia swoich danych osobowych poprzez bezpo\u015bredni kontakt.<\/p><p><strong>7. Zmiany w polityce prywatno\u015bci<\/strong>:<br \/>Zastrzegamy sobie prawo do aktualizacji naszej polityki prywatno\u015bci, a zmiany zostan\u0105 odzwierciedlone na tej stronie z now\u0105 dat\u0105 aktualizacji.<\/p><\/div>\t\t\t\t\t\t\t\t<\/div>\n\t\t\t\t<\/div>\n\t\t\t\t\t<\/div>\n\t\t<\/div>\n\t\t\t\t\t<\/div>\n\t\t<\/section>\n\t\t\t\t<\/div>","protected":false},"excerpt":{"rendered":"<p>Fecha de \u00faltima actualizaci\u00f3n: 05\/04\/2024 1. Informaci\u00f3n recopilada: Recopilamos informaci\u00f3n personal como nombre, direcci\u00f3n de correo electr\u00f3nico y n\u00famero de tel\u00e9fono cuando los usuarios voluntariamente la proporcionan a trav\u00e9s de formularios de contacto, suscripciones, o al realizar compras. 2. Uso de la informaci\u00f3n: Utilizamos la informaci\u00f3n recopilada para procesar transacciones, enviar actualizaciones sobre productos\/servicios, responder [&hellip;]<\/p>\n","protected":false},"author":2,"featured_media":0,"parent":0,"menu_order":0,"comment_status":"closed","ping_status":"closed","template":"","meta":{"_acf_changed":false,"om_disable_all_campaigns":false,"inline_featured_image":false,"_monsterinsights_skip_tracking":false,"_monsterinsights_sitenote_active":false,"_monsterinsights_sitenote_note":"","_monsterinsights_sitenote_category":0,"footnotes":""},"class_list":["post-3","page","type-page","status-publish","hentry"],"acf":[],"_links":{"self":[{"href":"https:\/\/www.servosis.com\/pl\/wp-json\/wp\/v2\/pages\/3","targetHints":{"allow":["GET"]}}],"collection":[{"href":"https:\/\/www.servosis.com\/pl\/wp-json\/wp\/v2\/pages"}],"about":[{"href":"https:\/\/www.servosis.com\/pl\/wp-json\/wp\/v2\/types\/page"}],"author":[{"embeddable":true,"href":"https:\/\/www.servosis.com\/pl\/wp-json\/wp\/v2\/users\/2"}],"replies":[{"embeddable":true,"href":"https:\/\/www.servosis.com\/pl\/wp-json\/wp\/v2\/comments?post=3"}],"version-history":[{"count":0,"href":"https:\/\/www.servosis.com\/pl\/wp-json\/wp\/v2\/pages\/3\/revisions"}],"wp:attachment":[{"href":"https:\/\/www.servosis.com\/pl\/wp-json\/wp\/v2\/media?parent=3"}],"curies":[{"name":"wp","href":"https:\/\/api.w.org\/{rel}","templated":true}]}}