{"id":12668,"date":"2022-12-14T09:45:18","date_gmt":"2022-12-14T09:45:18","guid":{"rendered":"https:\/\/www.servosis.com\/?post_type=product&#038;p=12668"},"modified":"2022-12-14T09:51:36","modified_gmt":"2022-12-14T09:51:36","slug":"ja-408","status":"publish","type":"product","link":"https:\/\/www.servosis.com\/pl\/producto\/me-408\/","title":{"rendered":"ME-408"},"content":{"rendered":"<p><span style=\"font-weight: 400;\">Maszyna do testowania po\u0142\u0105czonego \u015bciskania i \u015bcinania, specjalnie zaprojektowana do podp\u00f3r elastomerowych stosowanych w du\u017cych konstrukcjach i mostach.<\/span><\/p>\n<p><span style=\"font-weight: 400;\">Dwa si\u0142owniki obci\u0105\u017cenia osiowego o mocy 6 MN, pr\u0119dko\u015b\u0107 do 220 mm\/min.<\/span><\/p>\n<p><span style=\"font-weight: 400;\">Jeden si\u0142ownik obci\u0105\u017cenia bocznego o mocy 1,5 MN, pr\u0119dko\u015b\u0107 do 800 mm\/min.<\/span><\/p>\n<p><span style=\"font-weight: 400;\">Hydrauliczna zasada dzia\u0142ania.<\/span><\/p>\n<p><span style=\"font-weight: 400;\">Pomiar si\u0142y za pomoc\u0105 czujnika tensometrycznego.<\/span><\/p>\n<p><span style=\"font-weight: 400;\">Pomiar przemieszczenia za pomoc\u0105 czujnik\u00f3w liniowych<\/span><\/p>\n<p><span style=\"font-weight: 400;\">Do test\u00f3w zgodnie z UNE-EN 1337:3.<\/span><\/p>","protected":false},"excerpt":{"rendered":"<p>Model ME 408, specjalnie zaprojektowany do testowania \u0142o\u017cysk elastomerowych.<\/p>","protected":false},"featured_media":12677,"menu_order":0,"template":"","meta":{"_acf_changed":false,"om_disable_all_campaigns":false,"inline_featured_image":false,"_monsterinsights_skip_tracking":false,"_monsterinsights_sitenote_active":false,"_monsterinsights_sitenote_note":"","_monsterinsights_sitenote_category":0},"product_brand":[],"product_cat":[124,109],"product_tag":[],"class_list":{"0":"post-12668","1":"product","2":"type-product","3":"status-publish","4":"has-post-thumbnail","6":"product_cat-maquina-para-ensayo-de-apoyos-elastomericos","7":"product_cat-maquinas-de-ensayo","9":"first","10":"instock","11":"shipping-taxable","12":"product-type-simple"},"acf":[],"_links":{"self":[{"href":"https:\/\/www.servosis.com\/pl\/wp-json\/wp\/v2\/product\/12668","targetHints":{"allow":["GET"]}}],"collection":[{"href":"https:\/\/www.servosis.com\/pl\/wp-json\/wp\/v2\/product"}],"about":[{"href":"https:\/\/www.servosis.com\/pl\/wp-json\/wp\/v2\/types\/product"}],"wp:featuredmedia":[{"embeddable":true,"href":"https:\/\/www.servosis.com\/pl\/wp-json\/wp\/v2\/media\/12677"}],"wp:attachment":[{"href":"https:\/\/www.servosis.com\/pl\/wp-json\/wp\/v2\/media?parent=12668"}],"wp:term":[{"taxonomy":"product_brand","embeddable":true,"href":"https:\/\/www.servosis.com\/pl\/wp-json\/wp\/v2\/product_brand?post=12668"},{"taxonomy":"product_cat","embeddable":true,"href":"https:\/\/www.servosis.com\/pl\/wp-json\/wp\/v2\/product_cat?post=12668"},{"taxonomy":"product_tag","embeddable":true,"href":"https:\/\/www.servosis.com\/pl\/wp-json\/wp\/v2\/product_tag?post=12668"}],"curies":[{"name":"wp","href":"https:\/\/api.w.org\/{rel}","templated":true}]}}