{"id":12694,"date":"2022-12-14T15:56:39","date_gmt":"2022-12-14T15:56:39","guid":{"rendered":"https:\/\/www.servosis.com\/?post_type=product&#038;p=12694"},"modified":"2022-12-14T16:06:47","modified_gmt":"2022-12-14T16:06:47","slug":"maszyna-do-prostowania-pretow-2","status":"publish","type":"product","link":"https:\/\/www.servosis.com\/pl\/producto\/enderezadora-de-barras\/","title":{"rendered":"PROSTOWARKA DO PR\u0118T\u00d3W"},"content":{"rendered":"<p><span style=\"font-weight: 400;\">Do prostowania pr\u0119t\u00f3w pochodz\u0105cych z zwoj\u00f3w.<\/span><\/p>\n<p><span style=\"font-weight: 400;\">Wersja manualna i automatyczna.<\/span><\/p>\n<p><span style=\"font-weight: 400;\">Mo\u017cliwo\u015bci prostowania \u015brednic od \u00d8 8 do \u00d8 24.<\/span><\/p>\n<p><span style=\"font-weight: 400;\">Zgodne z <\/span><i><span style=\"font-weight: 400;\">Instrukcja Betonu Konstrukcyjnego. Za\u0142\u0105cznik 23.<\/span><\/i><\/p>","protected":false},"excerpt":{"rendered":"<p><span style=\"font-weight: 400;\">Do prostowania pr\u0119t\u00f3w pochodz\u0105cych z zwoj\u00f3w.<\/span><\/p>","protected":false},"featured_media":12700,"menu_order":0,"template":"","meta":{"_acf_changed":false,"om_disable_all_campaigns":false,"inline_featured_image":false,"_monsterinsights_skip_tracking":false,"_monsterinsights_sitenote_active":false,"_monsterinsights_sitenote_note":"","_monsterinsights_sitenote_category":0},"product_brand":[],"product_cat":[109,125],"product_tag":[],"class_list":{"0":"post-12694","1":"product","2":"type-product","3":"status-publish","4":"has-post-thumbnail","6":"product_cat-maquinas-de-ensayo","7":"product_cat-preparacion-de-muestras-metalicas-para-traccion","9":"first","10":"instock","11":"shipping-taxable","12":"product-type-simple"},"acf":[],"_links":{"self":[{"href":"https:\/\/www.servosis.com\/pl\/wp-json\/wp\/v2\/product\/12694","targetHints":{"allow":["GET"]}}],"collection":[{"href":"https:\/\/www.servosis.com\/pl\/wp-json\/wp\/v2\/product"}],"about":[{"href":"https:\/\/www.servosis.com\/pl\/wp-json\/wp\/v2\/types\/product"}],"wp:featuredmedia":[{"embeddable":true,"href":"https:\/\/www.servosis.com\/pl\/wp-json\/wp\/v2\/media\/12700"}],"wp:attachment":[{"href":"https:\/\/www.servosis.com\/pl\/wp-json\/wp\/v2\/media?parent=12694"}],"wp:term":[{"taxonomy":"product_brand","embeddable":true,"href":"https:\/\/www.servosis.com\/pl\/wp-json\/wp\/v2\/product_brand?post=12694"},{"taxonomy":"product_cat","embeddable":true,"href":"https:\/\/www.servosis.com\/pl\/wp-json\/wp\/v2\/product_cat?post=12694"},{"taxonomy":"product_tag","embeddable":true,"href":"https:\/\/www.servosis.com\/pl\/wp-json\/wp\/v2\/product_tag?post=12694"}],"curies":[{"name":"wp","href":"https:\/\/api.w.org\/{rel}","templated":true}]}}