{"id":12703,"date":"2022-12-14T16:05:50","date_gmt":"2022-12-14T16:05:50","guid":{"rendered":"https:\/\/www.servosis.com\/?post_type=product&#038;p=12703"},"modified":"2022-12-14T16:10:25","modified_gmt":"2022-12-14T16:10:25","slug":"markerprobetas","status":"publish","type":"product","link":"https:\/\/www.servosis.com\/pl\/producto\/marcadoradeprobetas\/","title":{"rendered":"ZNACZNIK PR\u00d3BEK"},"content":{"rendered":"<p><span style=\"font-weight: 400;\">Do znakowania g\u0142adkich lub \u017cebrowanych pr\u0119t\u00f3w o dowolnej \u015brednicy, do ich p\u00f3\u017aniejszego testowania na rozci\u0105ganie.<\/span><\/p>\n<p><span style=\"font-weight: 400;\">Znaki na pr\u00f3bce widoczne dla ka\u017cdego ekstensometru.<\/span><\/p>\n<p><span style=\"font-weight: 400;\">Regulowana odleg\u0142o\u015b\u0107 mi\u0119dzy znakami.<\/span><\/p>\n<p><span style=\"font-weight: 400;\">Wersja manualna i automatyczna.<\/span><\/p>","protected":false},"excerpt":{"rendered":"<p><span style=\"font-weight: 400;\">Do znakowania g\u0142adkich lub \u017cebrowanych pr\u0119t\u00f3w o dowolnej \u015brednicy, do ich p\u00f3\u017aniejszego testowania na rozci\u0105ganie.<\/span><\/p>","protected":false},"featured_media":12709,"menu_order":0,"template":"","meta":{"_acf_changed":false,"om_disable_all_campaigns":false,"inline_featured_image":false,"_monsterinsights_skip_tracking":false,"_monsterinsights_sitenote_active":false,"_monsterinsights_sitenote_note":"","_monsterinsights_sitenote_category":0},"product_brand":[],"product_cat":[109,125],"product_tag":[],"class_list":{"0":"post-12703","1":"product","2":"type-product","3":"status-publish","4":"has-post-thumbnail","6":"product_cat-maquinas-de-ensayo","7":"product_cat-preparacion-de-muestras-metalicas-para-traccion","9":"first","10":"instock","11":"shipping-taxable","12":"product-type-simple"},"acf":[],"_links":{"self":[{"href":"https:\/\/www.servosis.com\/pl\/wp-json\/wp\/v2\/product\/12703","targetHints":{"allow":["GET"]}}],"collection":[{"href":"https:\/\/www.servosis.com\/pl\/wp-json\/wp\/v2\/product"}],"about":[{"href":"https:\/\/www.servosis.com\/pl\/wp-json\/wp\/v2\/types\/product"}],"wp:featuredmedia":[{"embeddable":true,"href":"https:\/\/www.servosis.com\/pl\/wp-json\/wp\/v2\/media\/12709"}],"wp:attachment":[{"href":"https:\/\/www.servosis.com\/pl\/wp-json\/wp\/v2\/media?parent=12703"}],"wp:term":[{"taxonomy":"product_brand","embeddable":true,"href":"https:\/\/www.servosis.com\/pl\/wp-json\/wp\/v2\/product_brand?post=12703"},{"taxonomy":"product_cat","embeddable":true,"href":"https:\/\/www.servosis.com\/pl\/wp-json\/wp\/v2\/product_cat?post=12703"},{"taxonomy":"product_tag","embeddable":true,"href":"https:\/\/www.servosis.com\/pl\/wp-json\/wp\/v2\/product_tag?post=12703"}],"curies":[{"name":"wp","href":"https:\/\/api.w.org\/{rel}","templated":true}]}}