{"id":12714,"date":"2022-12-14T16:21:45","date_gmt":"2022-12-14T16:21:45","guid":{"rendered":"https:\/\/www.servosis.com\/?post_type=product&#038;p=12714"},"modified":"2022-12-14T16:23:33","modified_gmt":"2022-12-14T16:23:33","slug":"mesa-de-envejecimiento-de-probetas","status":"publish","type":"product","link":"https:\/\/www.servosis.com\/pl\/producto\/mesa-de-envejecimiento-de-probetas\/","title":{"rendered":"TABELA STARZENIA"},"content":{"rendered":"<p><span style=\"font-weight: 400;\">Wanna do starzenia z kontrolowan\u0105 temperatur\u0105 wody.<\/span><\/p>\n<p><span style=\"font-weight: 400;\">Wymiary dostosowane do potrzeb. Umo\u017cliwia starzenie pr\u0119t\u00f3w o dowolnej d\u0142ugo\u015bci.<\/span><\/p>\n<p><span style=\"font-weight: 400;\">Kontrola temperatury do 100\u00b0C.<\/span><\/p>\n<p><span style=\"font-weight: 400;\">Mo\u017cliwo\u015b\u0107 po\u0142\u0105czenia z komputerem w celu kontroli i rejestracji zdarze\u0144..<\/span><\/p>","protected":false},"excerpt":{"rendered":"<p><span style=\"font-weight: 400;\">Wanna do starzenia z kontrolowan\u0105 temperatur\u0105 wody.<\/span><\/p>","protected":false},"featured_media":12716,"menu_order":0,"template":"","meta":{"_acf_changed":false,"om_disable_all_campaigns":false,"inline_featured_image":false,"_monsterinsights_skip_tracking":false,"_monsterinsights_sitenote_active":false,"_monsterinsights_sitenote_note":"","_monsterinsights_sitenote_category":0},"product_brand":[],"product_cat":[109,125],"product_tag":[],"class_list":{"0":"post-12714","1":"product","2":"type-product","3":"status-publish","4":"has-post-thumbnail","6":"product_cat-maquinas-de-ensayo","7":"product_cat-preparacion-de-muestras-metalicas-para-traccion","9":"first","10":"instock","11":"shipping-taxable","12":"product-type-simple"},"acf":[],"_links":{"self":[{"href":"https:\/\/www.servosis.com\/pl\/wp-json\/wp\/v2\/product\/12714","targetHints":{"allow":["GET"]}}],"collection":[{"href":"https:\/\/www.servosis.com\/pl\/wp-json\/wp\/v2\/product"}],"about":[{"href":"https:\/\/www.servosis.com\/pl\/wp-json\/wp\/v2\/types\/product"}],"wp:featuredmedia":[{"embeddable":true,"href":"https:\/\/www.servosis.com\/pl\/wp-json\/wp\/v2\/media\/12716"}],"wp:attachment":[{"href":"https:\/\/www.servosis.com\/pl\/wp-json\/wp\/v2\/media?parent=12714"}],"wp:term":[{"taxonomy":"product_brand","embeddable":true,"href":"https:\/\/www.servosis.com\/pl\/wp-json\/wp\/v2\/product_brand?post=12714"},{"taxonomy":"product_cat","embeddable":true,"href":"https:\/\/www.servosis.com\/pl\/wp-json\/wp\/v2\/product_cat?post=12714"},{"taxonomy":"product_tag","embeddable":true,"href":"https:\/\/www.servosis.com\/pl\/wp-json\/wp\/v2\/product_tag?post=12714"}],"curies":[{"name":"wp","href":"https:\/\/api.w.org\/{rel}","templated":true}]}}