{"id":13555,"date":"2023-03-03T07:50:42","date_gmt":"2023-03-03T07:50:42","guid":{"rendered":"https:\/\/www.servosis.com\/?post_type=product&#038;p=13555"},"modified":"2024-04-19T15:15:00","modified_gmt":"2024-04-19T13:15:00","slug":"komory-klimatyczne-i-piece-2","status":"publish","type":"product","link":"https:\/\/www.servosis.com\/pl\/producto\/camaras-climaticas-y-hornos\/","title":{"rendered":"Sprz\u0119t do kontroli klimatycznej i termicznej do precyzyjnych test\u00f3w."},"content":{"rendered":"<p style=\"font-weight: 400;\">Komory klimatyczne do pomiaru temperatury i wilgotno\u015bci, piece, piekarniki i akcesoria wysokotemperaturowe s\u0105 dobierane do ka\u017cdego projektu, aby zawsze zapewni\u0107 klientowi odpowiedni sprz\u0119t.<\/p>\n<p style=\"font-weight: 400;\">System sterowania PCD2K jest w stanie zsynchronizowa\u0107 sterowanie tymi akcesoriami z maszynami testowymi.<\/p>","protected":false},"excerpt":{"rendered":"<h2>Zoptymalizuj\u0105 Pa\u0144stwo swoje testy dzi\u0119ki wysokiej jako\u015bci komorom klimatycznym i piecom.<\/h2>\n<p>System sterowania PCD2K jest w stanie zsynchronizowa\u0107 sterowanie tymi akcesoriami z maszynami testowymi.<\/p>","protected":false},"featured_media":13561,"menu_order":0,"template":"","meta":{"_acf_changed":false,"om_disable_all_campaigns":false,"inline_featured_image":false,"_monsterinsights_skip_tracking":false,"_monsterinsights_sitenote_active":false,"_monsterinsights_sitenote_note":"","_monsterinsights_sitenote_category":0},"product_brand":[],"product_cat":[118,134],"product_tag":[],"class_list":{"0":"post-13555","1":"product","2":"type-product","3":"status-publish","4":"has-post-thumbnail","6":"product_cat-accesorios","7":"product_cat-camaras-climaticas-y-hornos","9":"first","10":"instock","11":"shipping-taxable","12":"product-type-simple"},"acf":[],"_links":{"self":[{"href":"https:\/\/www.servosis.com\/pl\/wp-json\/wp\/v2\/product\/13555","targetHints":{"allow":["GET"]}}],"collection":[{"href":"https:\/\/www.servosis.com\/pl\/wp-json\/wp\/v2\/product"}],"about":[{"href":"https:\/\/www.servosis.com\/pl\/wp-json\/wp\/v2\/types\/product"}],"wp:featuredmedia":[{"embeddable":true,"href":"https:\/\/www.servosis.com\/pl\/wp-json\/wp\/v2\/media\/13561"}],"wp:attachment":[{"href":"https:\/\/www.servosis.com\/pl\/wp-json\/wp\/v2\/media?parent=13555"}],"wp:term":[{"taxonomy":"product_brand","embeddable":true,"href":"https:\/\/www.servosis.com\/pl\/wp-json\/wp\/v2\/product_brand?post=13555"},{"taxonomy":"product_cat","embeddable":true,"href":"https:\/\/www.servosis.com\/pl\/wp-json\/wp\/v2\/product_cat?post=13555"},{"taxonomy":"product_tag","embeddable":true,"href":"https:\/\/www.servosis.com\/pl\/wp-json\/wp\/v2\/product_tag?post=13555"}],"curies":[{"name":"wp","href":"https:\/\/api.w.org\/{rel}","templated":true}]}}