{"id":15360,"date":"2024-12-23T12:31:29","date_gmt":"2024-12-23T10:31:29","guid":{"rendered":"https:\/\/www.servosis.com\/?post_type=product&#038;p=15360"},"modified":"2024-12-23T13:11:48","modified_gmt":"2024-12-23T11:11:48","slug":"kopia-ekstensometryczna","status":"publish","type":"product","link":"https:\/\/www.servosis.com\/pl\/producto\/extensometria-copy\/","title":{"rendered":"EKSTENSOMETRIA WIDEO"},"content":{"rendered":"<p>Samodzielny ekstensometr, zdolny do zast\u0105pienia wielu czujnik\u00f3w jednym, specyficznym dla bran\u017cy przyrz\u0105dem.<br \/>\nWykorzystanie adaptacyjnej sztucznej inteligencji do wdro\u017cenia dziesi\u0119cioleci wiedzy.<\/p>","protected":false},"excerpt":{"rendered":"<p>Servosis oferuje szerok\u0105 gam\u0119 tensometr\u00f3w<\/p>","protected":false},"featured_media":15362,"menu_order":0,"template":"","meta":{"_acf_changed":false,"om_disable_all_campaigns":false,"inline_featured_image":false,"_monsterinsights_skip_tracking":false,"_monsterinsights_sitenote_active":false,"_monsterinsights_sitenote_note":"","_monsterinsights_sitenote_category":0},"product_brand":[],"product_cat":[118,121],"product_tag":[],"class_list":{"0":"post-15360","1":"product","2":"type-product","3":"status-publish","4":"has-post-thumbnail","6":"product_cat-accesorios","7":"product_cat-extensometros-videoextensometros","9":"first","10":"instock","11":"shipping-taxable","12":"product-type-simple"},"acf":[],"_links":{"self":[{"href":"https:\/\/www.servosis.com\/pl\/wp-json\/wp\/v2\/product\/15360","targetHints":{"allow":["GET"]}}],"collection":[{"href":"https:\/\/www.servosis.com\/pl\/wp-json\/wp\/v2\/product"}],"about":[{"href":"https:\/\/www.servosis.com\/pl\/wp-json\/wp\/v2\/types\/product"}],"wp:featuredmedia":[{"embeddable":true,"href":"https:\/\/www.servosis.com\/pl\/wp-json\/wp\/v2\/media\/15362"}],"wp:attachment":[{"href":"https:\/\/www.servosis.com\/pl\/wp-json\/wp\/v2\/media?parent=15360"}],"wp:term":[{"taxonomy":"product_brand","embeddable":true,"href":"https:\/\/www.servosis.com\/pl\/wp-json\/wp\/v2\/product_brand?post=15360"},{"taxonomy":"product_cat","embeddable":true,"href":"https:\/\/www.servosis.com\/pl\/wp-json\/wp\/v2\/product_cat?post=15360"},{"taxonomy":"product_tag","embeddable":true,"href":"https:\/\/www.servosis.com\/pl\/wp-json\/wp\/v2\/product_tag?post=15360"}],"curies":[{"name":"wp","href":"https:\/\/api.w.org\/{rel}","templated":true}]}}