{"id":9700,"date":"2022-09-28T11:36:39","date_gmt":"2022-09-28T11:36:39","guid":{"rendered":"https:\/\/www.servosis.wsi.devsite.es\/?post_type=product&#038;p=9700"},"modified":"2022-12-15T10:11:16","modified_gmt":"2022-12-15T10:11:16","slug":"seria-mt-2","status":"publish","type":"product","link":"https:\/\/www.servosis.com\/pl\/producto\/serie-mt\/","title":{"rendered":"SERIE MT"},"content":{"rendered":"<p>Testy skr\u0119cania...<\/p>\n<p>Mo\u017cliwo\u015b\u0107 zastosowania momentu obrotowego od 10 do 5000 N-m<\/p>\n<p>Pr\u0119dko\u015b\u0107 testowa do 500 obr.<\/p>\n<p>Ensayos para todo tipo de materiales:<\/p>\n<ul>\n<li>Metales.<\/li>\n<li>Przew\u00f3d.<\/li>\n<li>Pl\u00e1sticos.<\/li>\n<li>Composites.<\/li>\n<li>Biomateriales.<\/li>\n<\/ul>\n<p>Zasada dzia\u0142ania elektromechanicznego.<\/p>\n<p>Pomiar zastosowanego momentu obrotowego za pomoc\u0105 czujnika momentu obrotowego.<\/p>\n<p>Pomiar obrotu i k\u0105ta za pomoc\u0105 enkodera cyfrowego.<\/p>\n<p>Posibilidad de incorporar todo tipo de accesorios:<\/p>\n<ul>\n<li>Specjalne szcz\u0119ki zaciskowe.<\/li>\n<li>Detektory przerwania ci\u0105g\u0142o\u015bci pr\u00f3bki.<\/li>\n<li>Akcesoria do spr\u0119\u017cania.<\/li>\n<li>Extensometr\u00eda.<\/li>\n<li>Wideoekstensometry.<\/li>\n<li>Ensayos climatizados.<\/li>\n<\/ul>","protected":false},"excerpt":{"rendered":"<p>Testy skr\u0119cania.<\/p>","protected":false},"featured_media":9701,"menu_order":0,"template":"","meta":{"_acf_changed":false,"om_disable_all_campaigns":false,"inline_featured_image":false,"_monsterinsights_skip_tracking":false,"_monsterinsights_sitenote_active":false,"_monsterinsights_sitenote_note":"","_monsterinsights_sitenote_category":0},"product_brand":[],"product_cat":[109,115],"product_tag":[],"class_list":{"0":"post-9700","1":"product","2":"type-product","3":"status-publish","4":"has-post-thumbnail","6":"product_cat-maquinas-de-ensayo","7":"product_cat-maquinas-de-torsion","9":"first","10":"instock","11":"shipping-taxable","12":"product-type-simple"},"acf":[],"_links":{"self":[{"href":"https:\/\/www.servosis.com\/pl\/wp-json\/wp\/v2\/product\/9700","targetHints":{"allow":["GET"]}}],"collection":[{"href":"https:\/\/www.servosis.com\/pl\/wp-json\/wp\/v2\/product"}],"about":[{"href":"https:\/\/www.servosis.com\/pl\/wp-json\/wp\/v2\/types\/product"}],"wp:featuredmedia":[{"embeddable":true,"href":"https:\/\/www.servosis.com\/pl\/wp-json\/wp\/v2\/media\/9701"}],"wp:attachment":[{"href":"https:\/\/www.servosis.com\/pl\/wp-json\/wp\/v2\/media?parent=9700"}],"wp:term":[{"taxonomy":"product_brand","embeddable":true,"href":"https:\/\/www.servosis.com\/pl\/wp-json\/wp\/v2\/product_brand?post=9700"},{"taxonomy":"product_cat","embeddable":true,"href":"https:\/\/www.servosis.com\/pl\/wp-json\/wp\/v2\/product_cat?post=9700"},{"taxonomy":"product_tag","embeddable":true,"href":"https:\/\/www.servosis.com\/pl\/wp-json\/wp\/v2\/product_tag?post=9700"}],"curies":[{"name":"wp","href":"https:\/\/api.w.org\/{rel}","templated":true}]}}