{"id":9704,"date":"2022-09-28T11:39:31","date_gmt":"2022-09-28T11:39:31","guid":{"rendered":"https:\/\/www.servosis.wsi.devsite.es\/?post_type=product&#038;p=9704"},"modified":"2022-12-15T10:07:02","modified_gmt":"2022-12-15T10:07:02","slug":"giecie-obrotowe","status":"publish","type":"product","link":"https:\/\/www.servosis.com\/pl\/producto\/flexion-rotativa\/","title":{"rendered":"ZGI\u0118CIE ROTACYJNE"},"content":{"rendered":"<p>Po\u0142\u0105czony test skr\u0119cania i rozci\u0105gania amortyzator\u00f3w...<\/p>\n<p>Moment obrotowy do 500 N-m<\/p>\n<p>Pr\u0119dko\u015b\u0107 testowa do 200 obr.<\/p>\n<p>Ud\u017awig do 1 tony.<\/p>\n<p>Specjalne testy dla amortyzator\u00f3w samochodowych.<\/p>\n<p>Elektromechaniczna + hydrauliczna zasada dzia\u0142ania.<\/p>\n<p>Pomiar si\u0142y za pomoc\u0105 czujnika tensometrycznego.<\/p>\n<p>Pomiar si\u0142y osiowej za pomoc\u0105 czujnika tensometrycznego.<\/p>\n<p>Pomiar obrotu i k\u0105ta za pomoc\u0105 enkodera cyfrowego.<\/p>","protected":false},"excerpt":{"rendered":"<p>Po\u0142\u0105czony test skr\u0119cania i rozci\u0105gania amortyzator\u00f3w...<\/p>","protected":false},"featured_media":9705,"menu_order":0,"template":"","meta":{"_acf_changed":false,"om_disable_all_campaigns":false,"inline_featured_image":false,"_monsterinsights_skip_tracking":false,"_monsterinsights_sitenote_active":false,"_monsterinsights_sitenote_note":"","_monsterinsights_sitenote_category":0},"product_brand":[],"product_cat":[109,115],"product_tag":[],"class_list":{"0":"post-9704","1":"product","2":"type-product","3":"status-publish","4":"has-post-thumbnail","6":"product_cat-maquinas-de-ensayo","7":"product_cat-maquinas-de-torsion","9":"first","10":"instock","11":"shipping-taxable","12":"product-type-simple"},"acf":[],"_links":{"self":[{"href":"https:\/\/www.servosis.com\/pl\/wp-json\/wp\/v2\/product\/9704","targetHints":{"allow":["GET"]}}],"collection":[{"href":"https:\/\/www.servosis.com\/pl\/wp-json\/wp\/v2\/product"}],"about":[{"href":"https:\/\/www.servosis.com\/pl\/wp-json\/wp\/v2\/types\/product"}],"wp:featuredmedia":[{"embeddable":true,"href":"https:\/\/www.servosis.com\/pl\/wp-json\/wp\/v2\/media\/9705"}],"wp:attachment":[{"href":"https:\/\/www.servosis.com\/pl\/wp-json\/wp\/v2\/media?parent=9704"}],"wp:term":[{"taxonomy":"product_brand","embeddable":true,"href":"https:\/\/www.servosis.com\/pl\/wp-json\/wp\/v2\/product_brand?post=9704"},{"taxonomy":"product_cat","embeddable":true,"href":"https:\/\/www.servosis.com\/pl\/wp-json\/wp\/v2\/product_cat?post=9704"},{"taxonomy":"product_tag","embeddable":true,"href":"https:\/\/www.servosis.com\/pl\/wp-json\/wp\/v2\/product_tag?post=9704"}],"curies":[{"name":"wp","href":"https:\/\/api.w.org\/{rel}","templated":true}]}}