{"id":9710,"date":"2022-09-28T11:50:39","date_gmt":"2022-09-28T11:50:39","guid":{"rendered":"https:\/\/www.servosis.wsi.devsite.es\/?post_type=product&#038;p=9710"},"modified":"2023-01-02T09:53:38","modified_gmt":"2023-01-02T09:53:38","slug":"seria-miesieczna-2","status":"publish","type":"product","link":"https:\/\/www.servosis.com\/pl\/producto\/serie-mes\/","title":{"rendered":"SERIE MES"},"content":{"rendered":"<p>Statyczne pr\u00f3by rozci\u0105gania, \u015bciskania i zginania.<\/p>\n<p>Ud\u017awig od 1500 do 8000 KN<\/p>\n<p>Velocidad de ensayos hasta 200 mm\/min<\/p>\n<p>Znormalizowana pr\u00f3bka sze\u015bcienna lub cylindryczna.<\/p>\n<p>Ensayos para todo tipo de materiales:<\/p>\n<ul>\n<li>Ska\u0142y.<\/li>\n<li>\u0141o\u017cyska elastomerowe.<\/li>\n<li>Caucho.<\/li>\n<li>Composites.<\/li>\n<li>Materia\u0142y budowlane.<\/li>\n<li>Beton<\/li>\n<li>Murarstwo<\/li>\n<\/ul>\n<p>Serwohydrauliczna zasada dzia\u0142ania.<\/p>\n<p>Pomiar si\u0142y za pomoc\u0105 czujnika tensometrycznego.<\/p>\n<p>Pomiar przemieszczenia za pomoc\u0105 liniowego czujnika SSI.<\/p>\n<p>Posibilidad de incorporar todo tipo de accesorios:<\/p>\n<ul>\n<li>Utillaje para ensayos a flexi\u00f3n.<\/li>\n<li>Tr\u00f3josiowe urz\u0105dzenia testuj\u0105ce.<\/li>\n<li>Obudowy obwodowe chroni\u0105ce przed wystaj\u0105cymi elementami.<\/li>\n<\/ul>","protected":false},"excerpt":{"rendered":"<p>Testy statyczne \u015bciskanie, zginanie<\/p>","protected":false},"featured_media":11799,"menu_order":0,"template":"","meta":{"_acf_changed":false,"om_disable_all_campaigns":false,"inline_featured_image":false,"_monsterinsights_skip_tracking":false,"_monsterinsights_sitenote_active":false,"_monsterinsights_sitenote_note":"","_monsterinsights_sitenote_category":0},"product_brand":[],"product_cat":[109,114],"product_tag":[],"class_list":{"0":"post-9710","1":"product","2":"type-product","3":"status-publish","4":"has-post-thumbnail","6":"product_cat-maquinas-de-ensayo","7":"product_cat-maquinas-de-compresion-hormigones-roca","9":"first","10":"instock","11":"shipping-taxable","12":"product-type-simple"},"acf":[],"_links":{"self":[{"href":"https:\/\/www.servosis.com\/pl\/wp-json\/wp\/v2\/product\/9710","targetHints":{"allow":["GET"]}}],"collection":[{"href":"https:\/\/www.servosis.com\/pl\/wp-json\/wp\/v2\/product"}],"about":[{"href":"https:\/\/www.servosis.com\/pl\/wp-json\/wp\/v2\/types\/product"}],"wp:featuredmedia":[{"embeddable":true,"href":"https:\/\/www.servosis.com\/pl\/wp-json\/wp\/v2\/media\/11799"}],"wp:attachment":[{"href":"https:\/\/www.servosis.com\/pl\/wp-json\/wp\/v2\/media?parent=9710"}],"wp:term":[{"taxonomy":"product_brand","embeddable":true,"href":"https:\/\/www.servosis.com\/pl\/wp-json\/wp\/v2\/product_brand?post=9710"},{"taxonomy":"product_cat","embeddable":true,"href":"https:\/\/www.servosis.com\/pl\/wp-json\/wp\/v2\/product_cat?post=9710"},{"taxonomy":"product_tag","embeddable":true,"href":"https:\/\/www.servosis.com\/pl\/wp-json\/wp\/v2\/product_tag?post=9710"}],"curies":[{"name":"wp","href":"https:\/\/api.w.org\/{rel}","templated":true}]}}