{"id":9714,"date":"2022-09-28T13:18:56","date_gmt":"2022-09-28T13:18:56","guid":{"rendered":"https:\/\/www.servosis.wsi.devsite.es\/?post_type=product&#038;p=9714"},"modified":"2024-03-20T11:56:08","modified_gmt":"2024-03-20T09:56:08","slug":"ja-406","status":"publish","type":"product","link":"https:\/\/www.servosis.com\/pl\/producto\/me-406\/","title":{"rendered":"ME-406"},"content":{"rendered":"<p>Specyficzne projekty dostosowane do ka\u017cdego projektu.<\/p>\n<p>Testy statyczne i dynamiczne na du\u017cych konstrukcjach.<\/p>\n<p>Mo\u017cna zainstalowa\u0107 wiele si\u0142ownik\u00f3w liniowych lub obrotowych.<\/p>\n<p>Du\u017ca wszechstronno\u015b\u0107<\/p>\n<p>No\u015bno\u015b\u0107 do 2500KN<\/p>\n<p>Du\u017ce p\u0142yty.<\/p>\n<p>Ensayos para todo tipo de materiales:<\/p>\n<ul>\n<li>Ska\u0142y.<\/li>\n<li>Sektor motoryzacyjny.<\/li>\n<li>Sektor lotniczy.<\/li>\n<li>Composites.<\/li>\n<li>Filary.<\/li>\n<li>Beton.<\/li>\n<\/ul>\n<p>Serwohydrauliczna zasada dzia\u0142ania.<br \/>\nPomiar si\u0142y za pomoc\u0105 czujnika tensometrycznego.<br \/>\nPomiar przemieszczenia za pomoc\u0105 liniowego czujnika SSI.<br \/>\nPosibilidad de incorporar todo tipo de accesorios:<\/p>\n<ul>\n<li>Utillaje para ensayos a flexi\u00f3n.<\/li>\n<li>Wieloosiowe urz\u0105dzenia testuj\u0105ce.<\/li>\n<\/ul>","protected":false},"excerpt":{"rendered":"<p>Specyficzne projekty dostosowane do ka\u017cdego projektu.<\/p>\n<p><a style=\"color: white; background-color: #4972b2; padding: 12px;\" href=\"https:\/\/www.servosis.com\/wp-content\/uploads\/2022\/09\/ME-406.pdf\" target=\"_blank\" rel=\"noopener\"><strong>Prosz\u0119 pobra\u0107 PDF<\/strong><\/a><\/p>","protected":false},"featured_media":11820,"menu_order":0,"template":"","meta":{"_acf_changed":false,"om_disable_all_campaigns":false,"inline_featured_image":false,"_monsterinsights_skip_tracking":false,"_monsterinsights_sitenote_active":false,"_monsterinsights_sitenote_note":"","_monsterinsights_sitenote_category":0},"product_brand":[],"product_cat":[109,112],"product_tag":[],"class_list":{"0":"post-9714","1":"product","2":"type-product","3":"status-publish","4":"has-post-thumbnail","6":"product_cat-maquinas-de-ensayo","7":"product_cat-portico-monoactuador-multiactuador","9":"first","10":"instock","11":"shipping-taxable","12":"product-type-simple"},"acf":[],"_links":{"self":[{"href":"https:\/\/www.servosis.com\/pl\/wp-json\/wp\/v2\/product\/9714","targetHints":{"allow":["GET"]}}],"collection":[{"href":"https:\/\/www.servosis.com\/pl\/wp-json\/wp\/v2\/product"}],"about":[{"href":"https:\/\/www.servosis.com\/pl\/wp-json\/wp\/v2\/types\/product"}],"wp:featuredmedia":[{"embeddable":true,"href":"https:\/\/www.servosis.com\/pl\/wp-json\/wp\/v2\/media\/11820"}],"wp:attachment":[{"href":"https:\/\/www.servosis.com\/pl\/wp-json\/wp\/v2\/media?parent=9714"}],"wp:term":[{"taxonomy":"product_brand","embeddable":true,"href":"https:\/\/www.servosis.com\/pl\/wp-json\/wp\/v2\/product_brand?post=9714"},{"taxonomy":"product_cat","embeddable":true,"href":"https:\/\/www.servosis.com\/pl\/wp-json\/wp\/v2\/product_cat?post=9714"},{"taxonomy":"product_tag","embeddable":true,"href":"https:\/\/www.servosis.com\/pl\/wp-json\/wp\/v2\/product_tag?post=9714"}],"curies":[{"name":"wp","href":"https:\/\/api.w.org\/{rel}","templated":true}]}}