{"id":9721,"date":"2022-09-28T13:21:28","date_gmt":"2022-09-28T13:21:28","guid":{"rendered":"https:\/\/www.servosis.wsi.devsite.es\/?post_type=product&#038;p=9721"},"modified":"2023-05-19T07:13:36","modified_gmt":"2023-05-19T07:13:36","slug":"mieszanki-bitumiczne-3","status":"publish","type":"product","link":"https:\/\/www.servosis.com\/pl\/producto\/mezclas-bituminosas\/","title":{"rendered":"MIESZANKI BITUMICZNE"},"content":{"rendered":"<p>Servosis oferuje stale rozwijaj\u0105ce si\u0119 rozwi\u0105zania w dziedzinie testowania mieszanek bitumicznych. Jeste\u015bmy w kontakcie z g\u0142\u00f3wnymi laboratoriami w sektorze, aby zagwarantowa\u0107 Pa\u0144stwu gam\u0119 produkt\u00f3w zgodnych z najnowszymi standardami.<\/p>\n<p>U\u017cywane s\u0105 maszyny z serii muf 401, wyposa\u017cone w akcesoria i specjalne oprogramowanie.<\/p>\n<p>UNE EN 12697<\/p>\n<p>Standardy NLT<\/p>\n<p>Sztywno\u015b\u0107 zm\u0119czeniowa w 4 punktach<\/p>\n<p>Testy z klimatyzacj\u0105<\/p>\n<p>Zsynchronizowana kontrola temperatury \/ obci\u0105\u017cenia<\/p>\n<p>Badanie UGR FACT<\/p>","protected":false},"excerpt":{"rendered":"<p>Servosis stale oferuje rozwijaj\u0105ce si\u0119 rozwi\u0105zania do testowania w zakresie mieszanek bitumicznych.<\/p>","protected":false},"featured_media":9722,"menu_order":0,"template":"","meta":{"_acf_changed":false,"om_disable_all_campaigns":false,"inline_featured_image":false,"_monsterinsights_skip_tracking":false,"_monsterinsights_sitenote_active":false,"_monsterinsights_sitenote_note":"","_monsterinsights_sitenote_category":0},"product_brand":[],"product_cat":[118,132],"product_tag":[],"class_list":{"0":"post-9721","1":"product","2":"type-product","3":"status-publish","4":"has-post-thumbnail","6":"product_cat-accesorios","7":"product_cat-mezclas-bituminosas","9":"first","10":"instock","11":"shipping-taxable","12":"product-type-simple"},"acf":[],"_links":{"self":[{"href":"https:\/\/www.servosis.com\/pl\/wp-json\/wp\/v2\/product\/9721","targetHints":{"allow":["GET"]}}],"collection":[{"href":"https:\/\/www.servosis.com\/pl\/wp-json\/wp\/v2\/product"}],"about":[{"href":"https:\/\/www.servosis.com\/pl\/wp-json\/wp\/v2\/types\/product"}],"wp:featuredmedia":[{"embeddable":true,"href":"https:\/\/www.servosis.com\/pl\/wp-json\/wp\/v2\/media\/9722"}],"wp:attachment":[{"href":"https:\/\/www.servosis.com\/pl\/wp-json\/wp\/v2\/media?parent=9721"}],"wp:term":[{"taxonomy":"product_brand","embeddable":true,"href":"https:\/\/www.servosis.com\/pl\/wp-json\/wp\/v2\/product_brand?post=9721"},{"taxonomy":"product_cat","embeddable":true,"href":"https:\/\/www.servosis.com\/pl\/wp-json\/wp\/v2\/product_cat?post=9721"},{"taxonomy":"product_tag","embeddable":true,"href":"https:\/\/www.servosis.com\/pl\/wp-json\/wp\/v2\/product_tag?post=9721"}],"curies":[{"name":"wp","href":"https:\/\/api.w.org\/{rel}","templated":true}]}}