{"id":9725,"date":"2022-09-28T13:23:10","date_gmt":"2022-09-28T13:23:10","guid":{"rendered":"https:\/\/www.servosis.wsi.devsite.es\/?post_type=product&#038;p=9725"},"modified":"2022-12-14T16:05:06","modified_gmt":"2022-12-14T16:05:06","slug":"przygotowanie-probek-metali","status":"publish","type":"product","link":"https:\/\/www.servosis.com\/pl\/producto\/preparacion-de-muestras-metalicas\/","title":{"rendered":"PREPARACI\u00d3N DE MUESTRAS MET\u00c1LICAS"},"content":{"rendered":"<p>Ta gama akcesori\u00f3w zosta\u0142a zaprojektowana i wyprodukowana w \u015bcis\u0142ej wsp\u00f3\u0142pracy z wiod\u0105cymi krajowymi producentami pr\u0119t\u00f3w stalowych. Opracowano szereg wydajnych, solidnych i przyjaznych dla u\u017cytkownika produkt\u00f3w, dzi\u0119ki czemu przygotowanie pr\u00f3bek do bada\u0144 jest obecnie kontrolowanym procesem, kt\u00f3ry spe\u0142nia najbardziej rygorystyczne normy, a jednocze\u015bnie jest prosty, wygodny i szybki dla u\u017cytkownika.<\/p>\n<ul>\n<li>Oznaczenie.<\/li>\n<li>Prostowanie.<\/li>\n<li>Podkre\u015blone.<\/li>\n<li>Kondycjonowanie termiczne.<\/li>\n<\/ul>","protected":false},"excerpt":{"rendered":"<p>Esta serie de accesorios ha sido dise\u00f1ada y fabricada en estrecha colaboraci\u00f3n con los principales fabricantes de barras de acero nacionales.<\/p>","protected":false},"featured_media":9726,"menu_order":0,"template":"","meta":{"_acf_changed":false,"om_disable_all_campaigns":false,"inline_featured_image":false,"_monsterinsights_skip_tracking":false,"_monsterinsights_sitenote_active":false,"_monsterinsights_sitenote_note":"","_monsterinsights_sitenote_category":0},"product_brand":[],"product_cat":[109],"product_tag":[],"class_list":{"0":"post-9725","1":"product","2":"type-product","3":"status-publish","4":"has-post-thumbnail","6":"product_cat-maquinas-de-ensayo","8":"first","9":"instock","10":"shipping-taxable","11":"product-type-simple"},"acf":[],"_links":{"self":[{"href":"https:\/\/www.servosis.com\/pl\/wp-json\/wp\/v2\/product\/9725","targetHints":{"allow":["GET"]}}],"collection":[{"href":"https:\/\/www.servosis.com\/pl\/wp-json\/wp\/v2\/product"}],"about":[{"href":"https:\/\/www.servosis.com\/pl\/wp-json\/wp\/v2\/types\/product"}],"wp:featuredmedia":[{"embeddable":true,"href":"https:\/\/www.servosis.com\/pl\/wp-json\/wp\/v2\/media\/9726"}],"wp:attachment":[{"href":"https:\/\/www.servosis.com\/pl\/wp-json\/wp\/v2\/media?parent=9725"}],"wp:term":[{"taxonomy":"product_brand","embeddable":true,"href":"https:\/\/www.servosis.com\/pl\/wp-json\/wp\/v2\/product_brand?post=9725"},{"taxonomy":"product_cat","embeddable":true,"href":"https:\/\/www.servosis.com\/pl\/wp-json\/wp\/v2\/product_cat?post=9725"},{"taxonomy":"product_tag","embeddable":true,"href":"https:\/\/www.servosis.com\/pl\/wp-json\/wp\/v2\/product_tag?post=9725"}],"curies":[{"name":"wp","href":"https:\/\/api.w.org\/{rel}","templated":true}]}}