{"id":9737,"date":"2022-09-28T13:27:25","date_gmt":"2022-09-28T13:27:25","guid":{"rendered":"https:\/\/www.servosis.wsi.devsite.es\/?post_type=product&#038;p=9737"},"modified":"2022-11-15T17:33:16","modified_gmt":"2022-11-15T17:33:16","slug":"seria-ch9-3","status":"publish","type":"product","link":"https:\/\/www.servosis.com\/pl\/producto\/serie-ch9\/","title":{"rendered":"SERIE CH9"},"content":{"rendered":"<p>Si\u0142owniki dynamiczne, zaprojektowane do test\u00f3w zm\u0119czeniowych z wysok\u0105 precyzj\u0105 kontroli si\u0142y i przemieszczenia. Ceramiczne lub chromowane trzpienie umo\u017cliwiaj\u0105 tym seriom si\u0142ownik\u00f3w prac\u0119 w zmiennych warunkach temperaturowych i zapewniaj\u0105 im wysoki stopie\u0144 twardo\u015bci, aby zapewni\u0107 ich niezawodno\u015b\u0107 w pracy zm\u0119czeniowej.<\/p>","protected":false},"excerpt":{"rendered":"<p>Cylinder do pracy dynamicznej.<\/p>","protected":false},"featured_media":9763,"menu_order":0,"template":"","meta":{"_acf_changed":false,"om_disable_all_campaigns":false,"inline_featured_image":false,"_monsterinsights_skip_tracking":false,"_monsterinsights_sitenote_active":false,"_monsterinsights_sitenote_note":"","_monsterinsights_sitenote_category":0},"product_brand":[],"product_cat":[117],"product_tag":[],"class_list":{"0":"post-9737","1":"product","2":"type-product","3":"status-publish","4":"has-post-thumbnail","6":"product_cat-actuadores-hidraulicos","8":"first","9":"instock","10":"shipping-taxable","11":"product-type-simple"},"acf":[],"_links":{"self":[{"href":"https:\/\/www.servosis.com\/pl\/wp-json\/wp\/v2\/product\/9737","targetHints":{"allow":["GET"]}}],"collection":[{"href":"https:\/\/www.servosis.com\/pl\/wp-json\/wp\/v2\/product"}],"about":[{"href":"https:\/\/www.servosis.com\/pl\/wp-json\/wp\/v2\/types\/product"}],"wp:featuredmedia":[{"embeddable":true,"href":"https:\/\/www.servosis.com\/pl\/wp-json\/wp\/v2\/media\/9763"}],"wp:attachment":[{"href":"https:\/\/www.servosis.com\/pl\/wp-json\/wp\/v2\/media?parent=9737"}],"wp:term":[{"taxonomy":"product_brand","embeddable":true,"href":"https:\/\/www.servosis.com\/pl\/wp-json\/wp\/v2\/product_brand?post=9737"},{"taxonomy":"product_cat","embeddable":true,"href":"https:\/\/www.servosis.com\/pl\/wp-json\/wp\/v2\/product_cat?post=9737"},{"taxonomy":"product_tag","embeddable":true,"href":"https:\/\/www.servosis.com\/pl\/wp-json\/wp\/v2\/product_tag?post=9737"}],"curies":[{"name":"wp","href":"https:\/\/api.w.org\/{rel}","templated":true}]}}