{"id":9747,"date":"2022-09-28T13:51:03","date_gmt":"2022-09-28T13:51:03","guid":{"rendered":"https:\/\/www.servosis.wsi.devsite.es\/?post_type=product&#038;p=9747"},"modified":"2022-11-16T17:23:45","modified_gmt":"2022-11-16T17:23:45","slug":"pcd2k","status":"publish","type":"product","link":"https:\/\/www.servosis.com\/pl\/producto\/pcd2k\/","title":{"rendered":"PCD2K"},"content":{"rendered":"<p>OPROGRAMOWANIE STERUJ\u0104CE<br \/>\nPCD2K to uniwersalne oprogramowanie steruj\u0105ce do przeprowadzania test\u00f3w dynamicznych lub statycznych na naszej gamie ram testowych. U\u017cytkownik ma dwie r\u00f3\u017cne opcje korzystania z oprogramowania:<\/p>\n<p>Oprogramowanie do u\u017cytku og\u00f3lnego, w kt\u00f3rym dost\u0119pne s\u0105 maksymalne mo\u017cliwo\u015bci dzia\u0142ania podczas wykonywania test\u00f3w. W tym trybie u\u017cytkowania u\u017cytkownik mo\u017ce opracowywa\u0107 w\u0142asne testy, konfigurowa\u0107 r\u00f3\u017cne poziomy alarm\u00f3w, wykonywa\u0107 obliczenia na pomiarach kana\u0142\u00f3w analogowych .... i eksportowa\u0107 uzyskane dane do obs\u0142ugi z innych platform.<\/p>\n<p><strong>Niestandardowe standardowe okna testowe<\/strong>Okna te zapewniaj\u0105 maksymalne uproszczenie wykonywania okre\u015blonego testu, poniewa\u017c \u0142\u0105cz\u0105 w jednym oknie tylko elementy niezb\u0119dne do wykonania tego konkretnego testu i bezpo\u015brednio uzyskuj\u0105 wyniki wszystkich niezb\u0119dnych oblicze\u0144. Okna te s\u0105 zawsze projektowane na zam\u00f3wienie zgodnie z potrzebami testu i \u017cyczeniem klienta.<\/p>\n<ul>\n<li>Sterowanie adaptacyjne, do 40 kHz<\/li>\n<li>Konfigurowalny generator funkcji<\/li>\n<li>Konfigurowalna akwizycja danych<\/li>\n<li>Graficzna reprezentacja w czasie rzeczywistym<\/li>\n<li>Ekstensometria optyczna<\/li>\n<li>Biblioteka funkcji<\/li>\n<\/ul>","protected":false},"excerpt":{"rendered":"<p>PCD2K to uniwersalne oprogramowanie steruj\u0105ce do przeprowadzania test\u00f3w dynamicznych lub statycznych na naszej gamie ram testowych.<\/p>","protected":false},"featured_media":9748,"menu_order":0,"template":"","meta":{"_acf_changed":false,"om_disable_all_campaigns":false,"inline_featured_image":false,"_monsterinsights_skip_tracking":false,"_monsterinsights_sitenote_active":false,"_monsterinsights_sitenote_note":"","_monsterinsights_sitenote_category":0},"product_brand":[],"product_cat":[119],"product_tag":[],"class_list":{"0":"post-9747","1":"product","2":"type-product","3":"status-publish","4":"has-post-thumbnail","6":"product_cat-software-de-control","8":"first","9":"instock","10":"shipping-taxable","11":"product-type-simple"},"acf":[],"_links":{"self":[{"href":"https:\/\/www.servosis.com\/pl\/wp-json\/wp\/v2\/product\/9747","targetHints":{"allow":["GET"]}}],"collection":[{"href":"https:\/\/www.servosis.com\/pl\/wp-json\/wp\/v2\/product"}],"about":[{"href":"https:\/\/www.servosis.com\/pl\/wp-json\/wp\/v2\/types\/product"}],"wp:featuredmedia":[{"embeddable":true,"href":"https:\/\/www.servosis.com\/pl\/wp-json\/wp\/v2\/media\/9748"}],"wp:attachment":[{"href":"https:\/\/www.servosis.com\/pl\/wp-json\/wp\/v2\/media?parent=9747"}],"wp:term":[{"taxonomy":"product_brand","embeddable":true,"href":"https:\/\/www.servosis.com\/pl\/wp-json\/wp\/v2\/product_brand?post=9747"},{"taxonomy":"product_cat","embeddable":true,"href":"https:\/\/www.servosis.com\/pl\/wp-json\/wp\/v2\/product_cat?post=9747"},{"taxonomy":"product_tag","embeddable":true,"href":"https:\/\/www.servosis.com\/pl\/wp-json\/wp\/v2\/product_tag?post=9747"}],"curies":[{"name":"wp","href":"https:\/\/api.w.org\/{rel}","templated":true}]}}