{"id":9752,"date":"2022-09-28T13:52:10","date_gmt":"2022-09-28T13:52:10","guid":{"rendered":"https:\/\/www.servosis.wsi.devsite.es\/?post_type=product&#038;p=9752"},"modified":"2022-11-16T17:25:18","modified_gmt":"2022-11-16T17:25:18","slug":"td2k","status":"publish","type":"product","link":"https:\/\/www.servosis.com\/pl\/producto\/td2k\/","title":{"rendered":"TD2K"},"content":{"rendered":"<p>Jest to pot\u0119\u017cne narz\u0119dzie, kt\u00f3re w po\u0142\u0105czeniu ze sprz\u0119tem akwizycyjnym Servosis tworzy pot\u0119\u017cne i wszechstronne narz\u0119dzie do tego celu.<br \/>\nZapewnia u\u017cytkownikowi narz\u0119dzia obliczeniowe i dostosowuj\u0105ce, kt\u00f3re sprawiaj\u0105, \u017ce produkt ten mo\u017cna \u0142atwo dostosowa\u0107 do r\u00f3\u017cnych urz\u0105dze\u0144 pomiarowych.<br \/>\nJednocze\u015bnie posiada niestandardowe modu\u0142y, ekrany testowe, zaprojektowane tak, aby w jak najwi\u0119kszym stopniu u\u0142atwi\u0107 powtarzalne zadania i zapewni\u0107 u\u017cytkownikowi narz\u0119dzie do tworzenia raport\u00f3w z obliczeniami wynik\u00f3w w wygodny spos\u00f3b.<\/p>","protected":false},"excerpt":{"rendered":"<p>TD2K to specjalistyczne oprogramowanie przeznaczone do akwizycji danych w czasie rzeczywistym zar\u00f3wno w naszych maszynach testowych, jak i w ka\u017cdym innym rodzaju sprz\u0119tu.<\/p>","protected":false},"featured_media":9753,"menu_order":0,"template":"","meta":{"_acf_changed":false,"om_disable_all_campaigns":false,"inline_featured_image":false,"_monsterinsights_skip_tracking":false,"_monsterinsights_sitenote_active":false,"_monsterinsights_sitenote_note":"","_monsterinsights_sitenote_category":0},"product_brand":[],"product_cat":[119],"product_tag":[],"class_list":{"0":"post-9752","1":"product","2":"type-product","3":"status-publish","4":"has-post-thumbnail","6":"product_cat-software-de-control","8":"first","9":"instock","10":"downloadable","11":"shipping-taxable","12":"product-type-simple"},"acf":[],"_links":{"self":[{"href":"https:\/\/www.servosis.com\/pl\/wp-json\/wp\/v2\/product\/9752","targetHints":{"allow":["GET"]}}],"collection":[{"href":"https:\/\/www.servosis.com\/pl\/wp-json\/wp\/v2\/product"}],"about":[{"href":"https:\/\/www.servosis.com\/pl\/wp-json\/wp\/v2\/types\/product"}],"wp:featuredmedia":[{"embeddable":true,"href":"https:\/\/www.servosis.com\/pl\/wp-json\/wp\/v2\/media\/9753"}],"wp:attachment":[{"href":"https:\/\/www.servosis.com\/pl\/wp-json\/wp\/v2\/media?parent=9752"}],"wp:term":[{"taxonomy":"product_brand","embeddable":true,"href":"https:\/\/www.servosis.com\/pl\/wp-json\/wp\/v2\/product_brand?post=9752"},{"taxonomy":"product_cat","embeddable":true,"href":"https:\/\/www.servosis.com\/pl\/wp-json\/wp\/v2\/product_cat?post=9752"},{"taxonomy":"product_tag","embeddable":true,"href":"https:\/\/www.servosis.com\/pl\/wp-json\/wp\/v2\/product_tag?post=9752"}],"curies":[{"name":"wp","href":"https:\/\/api.w.org\/{rel}","templated":true}]}}