{"id":9760,"date":"2022-09-28T14:00:40","date_gmt":"2022-09-28T14:00:40","guid":{"rendered":"https:\/\/www.servosis.wsi.devsite.es\/?post_type=product&#038;p=9760"},"modified":"2023-01-02T09:40:28","modified_gmt":"2023-01-02T09:40:28","slug":"automatyzacje-i-modernizacje","status":"publish","type":"product","link":"https:\/\/www.servosis.com\/pl\/producto\/automatizaciones-y-modernizaciones\/","title":{"rendered":"UTOMATYZACJE I MODERNIZACJE"},"content":{"rendered":"<p><strong>Do\u015bwiadczenie<\/strong><br \/>\nServosis ma bogate do\u015bwiadczenie w \u015bwiecie testowania cz\u0119\u015bci i materia\u0142\u00f3w, prawie 30 lat pracy potwierdza, \u017ce jeste\u015bmy punktem odniesienia w tym sektorze.<br \/>\nNasza gama produkt\u00f3w obejmuje wszystkie dziedziny, aeronautyk\u0119, motoryzacj\u0119, budownictwo, drewno, kompozyty, a tak\u017ce sektor kolejowy.<\/p>\n<p><strong>Innowacja<\/strong><br \/>\nJeste\u015bmy w kontakcie z g\u0142\u00f3wnymi producentami i o\u015brodkami badawczymi w sektorze, aby m\u00f3c oferowa\u0107 Pa\u0144stwu aktualne produkty, dostosowane do najnowszych przepis\u00f3w w sektorze.<\/p>\n<p><strong>Szyte na miar\u0119<\/strong><br \/>\nZ drugiej strony, naszym czynnikiem wyr\u00f3\u017cniaj\u0105cym jest zdolno\u015b\u0107 do oferowania niestandardowych rozwi\u0105za\u0144, zgodnie ze specyficznymi potrzebami ka\u017cdego z naszych klient\u00f3w.<\/p>\n<p>Suma tych wszystkich czynnik\u00f3w pozwala nam podejmowa\u0107 si\u0119 prac remontowych i modernizacyjnych urz\u0105dze\u0144 testuj\u0105cych wszelkiego rodzaju.<br \/>\nPraktycznie ka\u017cdy model dowolnego producenta mo\u017ce zosta\u0107 dostosowany do u\u017cycia z naszym systemem sterowania.<br \/>\nMaszyny z przestarza\u0142ymi lub uszkodzonymi systemami, kt\u00f3re nie mog\u0105 by\u0107 prawid\u0142owo u\u017cytkowane, mog\u0105 ponownie sta\u0107 si\u0119 u\u017cyteczne i produktywne.<\/p>","protected":false},"excerpt":{"rendered":"<p>Mo\u017cemy zautomatyzowa\u0107 maszyny ze starym sterowaniem, dowolnej marki, w\u0142\u0105czaj\u0105c nasz\u0105 elektronik\u0119 steruj\u0105c\u0105 i wykorzystuj\u0105c cz\u0119\u015b\u0107 mechaniczn\u0105, kt\u00f3r\u0105 sprawdzamy i dostrajamy.<\/p>","protected":false},"featured_media":9169,"menu_order":0,"template":"","meta":{"_acf_changed":false,"om_disable_all_campaigns":false,"inline_featured_image":false,"_monsterinsights_skip_tracking":false,"_monsterinsights_sitenote_active":false,"_monsterinsights_sitenote_note":"","_monsterinsights_sitenote_category":0},"product_brand":[],"product_cat":[120],"product_tag":[],"class_list":{"0":"post-9760","1":"product","2":"type-product","3":"status-publish","4":"has-post-thumbnail","6":"product_cat-actualizacion-maquinas-antiguas","8":"first","9":"instock","10":"shipping-taxable","11":"product-type-simple"},"acf":[],"_links":{"self":[{"href":"https:\/\/www.servosis.com\/pl\/wp-json\/wp\/v2\/product\/9760","targetHints":{"allow":["GET"]}}],"collection":[{"href":"https:\/\/www.servosis.com\/pl\/wp-json\/wp\/v2\/product"}],"about":[{"href":"https:\/\/www.servosis.com\/pl\/wp-json\/wp\/v2\/types\/product"}],"wp:featuredmedia":[{"embeddable":true,"href":"https:\/\/www.servosis.com\/pl\/wp-json\/wp\/v2\/media\/9169"}],"wp:attachment":[{"href":"https:\/\/www.servosis.com\/pl\/wp-json\/wp\/v2\/media?parent=9760"}],"wp:term":[{"taxonomy":"product_brand","embeddable":true,"href":"https:\/\/www.servosis.com\/pl\/wp-json\/wp\/v2\/product_brand?post=9760"},{"taxonomy":"product_cat","embeddable":true,"href":"https:\/\/www.servosis.com\/pl\/wp-json\/wp\/v2\/product_cat?post=9760"},{"taxonomy":"product_tag","embeddable":true,"href":"https:\/\/www.servosis.com\/pl\/wp-json\/wp\/v2\/product_tag?post=9760"}],"curies":[{"name":"wp","href":"https:\/\/api.w.org\/{rel}","templated":true}]}}