{"id":9830,"date":"2022-09-28T15:36:34","date_gmt":"2022-09-28T15:36:34","guid":{"rendered":"https:\/\/www.servosis.wsi.devsite.es\/?post_type=product&#038;p=9830"},"modified":"2022-12-14T16:52:59","modified_gmt":"2022-12-14T16:52:59","slug":"przesuniecie-404","status":"publish","type":"product","link":"https:\/\/www.servosis.com\/pl\/producto\/mue-404\/","title":{"rendered":"MUE 404"},"content":{"rendered":"<p>Statyczne pr\u00f3by rozci\u0105gania, \u015bciskania i zginania.<\/p>\n<p>Testy cykliczne do 5 Hz.<\/p>\n<p>Ud\u017awig od 400 do 3000 KN<\/p>\n<p>Velocidad de ensayos hasta 200 mm\/min<\/p>\n<p>Ensayos para todo tipo de materiales:<\/p>\n<ul>\n<li>Metale<\/li>\n<li>Pl\u00e1sticos.<\/li>\n<li>Aislantes.<\/li>\n<li>Caucho.<\/li>\n<li>Composites.<\/li>\n<li>Materia\u0142y budowlane.<\/li>\n<li>Beton<\/li>\n<li>Murarstwo.<\/li>\n<\/ul>\n<p>Serwohydrauliczna zasada dzia\u0142ania.<\/p>\n<p>Pomiar si\u0142y za pomoc\u0105 czujnika tensometrycznego.<\/p>\n<p>Pomiar przemieszczenia za pomoc\u0105 liniowego czujnika SSI.<\/p>\n<p>Posibilidad de incorporar todo tipo de accesorios:<\/p>\n<ul>\n<li>Mordazas de tracci\u00f3n.<\/li>\n<li>Hydraulicznie sterowane szcz\u0119ki mocuj\u0105ce. Wysoka wydajno\u015b\u0107 mocowania pr\u00f3bek.<\/li>\n<li>Utillaje para ensayos a flexi\u00f3n.<\/li>\n<li>Narz\u0119dzia do test\u00f3w zginania.<\/li>\n<li>Utillaje para ensayos a compresi\u00f3n.<\/li>\n<li>Extensometr\u00eda.<\/li>\n<\/ul>","protected":false},"excerpt":{"rendered":"<p>Testy dla wszystkich rodzaj\u00f3w materia\u0142\u00f3w<\/p>","protected":false},"featured_media":9831,"menu_order":0,"template":"","meta":{"_acf_changed":false,"om_disable_all_campaigns":false,"inline_featured_image":false,"_monsterinsights_skip_tracking":false,"_monsterinsights_sitenote_active":false,"_monsterinsights_sitenote_note":"","_monsterinsights_sitenote_category":0},"product_brand":[],"product_cat":[109,116],"product_tag":[],"class_list":{"0":"post-9830","1":"product","2":"type-product","3":"status-publish","4":"has-post-thumbnail","6":"product_cat-maquinas-de-ensayo","7":"product_cat-maquinas-universales","9":"first","10":"instock","11":"shipping-taxable","12":"product-type-simple"},"acf":[],"_links":{"self":[{"href":"https:\/\/www.servosis.com\/pl\/wp-json\/wp\/v2\/product\/9830","targetHints":{"allow":["GET"]}}],"collection":[{"href":"https:\/\/www.servosis.com\/pl\/wp-json\/wp\/v2\/product"}],"about":[{"href":"https:\/\/www.servosis.com\/pl\/wp-json\/wp\/v2\/types\/product"}],"wp:featuredmedia":[{"embeddable":true,"href":"https:\/\/www.servosis.com\/pl\/wp-json\/wp\/v2\/media\/9831"}],"wp:attachment":[{"href":"https:\/\/www.servosis.com\/pl\/wp-json\/wp\/v2\/media?parent=9830"}],"wp:term":[{"taxonomy":"product_brand","embeddable":true,"href":"https:\/\/www.servosis.com\/pl\/wp-json\/wp\/v2\/product_brand?post=9830"},{"taxonomy":"product_cat","embeddable":true,"href":"https:\/\/www.servosis.com\/pl\/wp-json\/wp\/v2\/product_cat?post=9830"},{"taxonomy":"product_tag","embeddable":true,"href":"https:\/\/www.servosis.com\/pl\/wp-json\/wp\/v2\/product_tag?post=9830"}],"curies":[{"name":"wp","href":"https:\/\/api.w.org\/{rel}","templated":true}]}}