{"id":11614,"date":"2022-11-10T14:18:16","date_gmt":"2022-11-10T12:18:16","guid":{"rendered":"https:\/\/www.servosis.com\/?page_id=11614"},"modified":"2024-11-18T16:19:49","modified_gmt":"2024-11-18T14:19:49","slug":"aviso-legal","status":"publish","type":"page","link":"https:\/\/www.servosis.com\/pt\/aviso-legal\/","title":{"rendered":"Aviso legal"},"content":{"rendered":"<div data-elementor-type=\"wp-page\" data-elementor-id=\"11614\" class=\"elementor elementor-11614\" data-elementor-post-type=\"page\">\n\t\t\t\t\t\t<section class=\"elementor-section elementor-top-section elementor-element elementor-element-e3c6600 elementor-section-boxed elementor-section-height-default elementor-section-height-default rt-parallax-bg-no\" data-id=\"e3c6600\" data-element_type=\"section\" data-e-type=\"section\">\n\t\t\t\t\t\t<div class=\"elementor-container elementor-column-gap-default\">\n\t\t\t\t\t<div class=\"elementor-column elementor-col-100 elementor-top-column elementor-element elementor-element-73e82e1\" data-id=\"73e82e1\" data-element_type=\"column\" data-e-type=\"column\">\n\t\t\t<div class=\"elementor-widget-wrap elementor-element-populated\">\n\t\t\t\t\t\t<div class=\"elementor-element elementor-element-b6dae6d elementor-widget elementor-widget-text-editor\" data-id=\"b6dae6d\" data-element_type=\"widget\" data-e-type=\"widget\" data-widget_type=\"text-editor.default\">\n\t\t\t\t<div class=\"elementor-widget-container\">\n\t\t\t\t\t\t\t\t\t<p class=\"translation-block\">Data da \u00faltima atualiza\u00e7\u00e3o: 05\/04\/2024<br><br><br><strong>1. Propriedade do site<\/strong>:<br>Este site \u00e9 propriedade da SERVOSIS, S.L., com sede social na Calle Fuentevieja 8,10. 28320 Pinto, Madrid, Espanha, e \u00e9 operado pela SERVOSIS, S.L.<br><br><br><strong>2. Conte\u00fado do site<\/strong>:<br>As informa\u00e7\u00f5es fornecidas neste site s\u00e3o apenas para fins informativos e n\u00e3o constituem aconselhamento jur\u00eddico, financeiro ou profissional.<br><br><br><strong>3. Links externos<\/strong>:<br>Este site pode conter links para sites externos sobre os quais n\u00e3o temos controlo. N\u00e3o nos responsabilizamos pelo conte\u00fado ou pr\u00e1ticas de privacidade de tais sites.<br><br><br><strong>4. Lei aplic\u00e1vel<\/strong>:<br>Este site \u00e9 regido pelas leis de Madrid, Espanha. Qualquer lit\u00edgio ser\u00e1 resolvido nos tribunais da Comunidade Aut\u00f3noma de Madrid.<br><br><br><strong>5. Altera\u00e7\u00f5es ao aviso legal<\/strong>:<br>Reservamo-nos o direito de atualizar este aviso legal, e as altera\u00e7\u00f5es ser\u00e3o efectivas ap\u00f3s a publica\u00e7\u00e3o no site.<\/p>\t\t\t\t\t\t\t\t<\/div>\n\t\t\t\t<\/div>\n\t\t\t\t\t<\/div>\n\t\t<\/div>\n\t\t\t\t\t<\/div>\n\t\t<\/section>\n\t\t\t\t<\/div>","protected":false},"excerpt":{"rendered":"<p>Fecha de \u00faltima actualizaci\u00f3n: 05\/04\/2024 1. Propiedad del sitio: Este sitio web es propiedad de SERVOSIS, S.L., con domicilio en Calle Fuentevieja 8,10. 28320 Pinto, Madrid, Spain, y est\u00e1 operado por SERVOSIS, S.L. 2. Contenido del sitio: La informaci\u00f3n proporcionada en este sitio es solo para fines informativos y no constituye asesoramiento legal, financiero o [&hellip;]<\/p>\n","protected":false},"author":2,"featured_media":0,"parent":0,"menu_order":0,"comment_status":"closed","ping_status":"closed","template":"","meta":{"_acf_changed":false,"om_disable_all_campaigns":false,"inline_featured_image":false,"_monsterinsights_skip_tracking":false,"_monsterinsights_sitenote_active":false,"_monsterinsights_sitenote_note":"","_monsterinsights_sitenote_category":0,"footnotes":""},"class_list":["post-11614","page","type-page","status-publish","hentry"],"acf":[],"_links":{"self":[{"href":"https:\/\/www.servosis.com\/pt\/wp-json\/wp\/v2\/pages\/11614","targetHints":{"allow":["GET"]}}],"collection":[{"href":"https:\/\/www.servosis.com\/pt\/wp-json\/wp\/v2\/pages"}],"about":[{"href":"https:\/\/www.servosis.com\/pt\/wp-json\/wp\/v2\/types\/page"}],"author":[{"embeddable":true,"href":"https:\/\/www.servosis.com\/pt\/wp-json\/wp\/v2\/users\/2"}],"replies":[{"embeddable":true,"href":"https:\/\/www.servosis.com\/pt\/wp-json\/wp\/v2\/comments?post=11614"}],"version-history":[{"count":0,"href":"https:\/\/www.servosis.com\/pt\/wp-json\/wp\/v2\/pages\/11614\/revisions"}],"wp:attachment":[{"href":"https:\/\/www.servosis.com\/pt\/wp-json\/wp\/v2\/media?parent=11614"}],"curies":[{"name":"wp","href":"https:\/\/api.w.org\/{rel}","templated":true}]}}