{"id":15008,"date":"2024-04-08T11:06:26","date_gmt":"2024-04-08T09:06:26","guid":{"rendered":"https:\/\/www.servosis.com\/?page_id=15008"},"modified":"2024-11-18T16:18:40","modified_gmt":"2024-11-18T14:18:40","slug":"politica-de-cookies","status":"publish","type":"page","link":"https:\/\/www.servosis.com\/pt\/politica-de-cookies\/","title":{"rendered":"Pol\u00edtica de cookies"},"content":{"rendered":"<div data-elementor-type=\"wp-page\" data-elementor-id=\"15008\" class=\"elementor elementor-15008\" data-elementor-post-type=\"page\">\n\t\t\t\t\t\t<section class=\"elementor-section elementor-top-section elementor-element elementor-element-ab32cc3 elementor-section-boxed elementor-section-height-default elementor-section-height-default rt-parallax-bg-no\" data-id=\"ab32cc3\" data-element_type=\"section\" data-e-type=\"section\">\n\t\t\t\t\t\t<div class=\"elementor-container elementor-column-gap-default\">\n\t\t\t\t\t<div class=\"elementor-column elementor-col-100 elementor-top-column elementor-element elementor-element-598a88c\" data-id=\"598a88c\" data-element_type=\"column\" data-e-type=\"column\">\n\t\t\t<div class=\"elementor-widget-wrap elementor-element-populated\">\n\t\t\t\t\t\t<div class=\"elementor-element elementor-element-f95683b elementor-widget elementor-widget-text-editor\" data-id=\"f95683b\" data-element_type=\"widget\" data-e-type=\"widget\" data-widget_type=\"text-editor.default\">\n\t\t\t\t<div class=\"elementor-widget-container\">\n\t\t\t\t\t\t\t\t\t<p>Fecha de \u00faltima actualizaci\u00f3n: 05\/04\/2024<\/p><p><strong>1. Uso de Cookies<\/strong>:<br \/>Utilizamos cookies para mejorar la experiencia del usuario. Al continuar utilizando nuestro sitio, el usuario acepta el uso de cookies de acuerdo con nuestra pol\u00edtica.<\/p><p><strong>2. Tipos de Cookies<\/strong>:<br \/>Utilizamos cookies de sesi\u00f3n y persistentes para rastrear patrones de uso y ayudar a mejorar la funcionalidad del sitio.<\/p><p><strong>3. Consentimiento<\/strong>:<br \/>Al visitar nuestro sitio, el usuario acepta el uso de cookies seg\u00fan se describe en nuestra Pol\u00edtica de Cookies.<\/p><p><strong>4. Desactivaci\u00f3n de Cookies<\/strong>:<br \/>Los usuarios pueden desactivar cookies en su navegador, pero esto puede afectar la funcionalidad del sitio.<\/p><p><strong>5. Cookies de Terceros<\/strong>:<br \/>Colaboramos con terceros que pueden utilizar cookies para recopilar informaci\u00f3n an\u00f3nima sobre las actividades de navegaci\u00f3n del usuario.<\/p>\t\t\t\t\t\t\t\t<\/div>\n\t\t\t\t<\/div>\n\t\t\t\t\t<\/div>\n\t\t<\/div>\n\t\t\t\t\t<\/div>\n\t\t<\/section>\n\t\t\t\t<\/div>","protected":false},"excerpt":{"rendered":"<p>Fecha de \u00faltima actualizaci\u00f3n: 05\/04\/2024 1. Uso de Cookies: Utilizamos cookies para mejorar la experiencia del usuario. Al continuar utilizando nuestro sitio, el usuario acepta el uso de cookies de acuerdo con nuestra pol\u00edtica. 2. Tipos de Cookies: Utilizamos cookies de sesi\u00f3n y persistentes para rastrear patrones de uso y ayudar a mejorar la funcionalidad [&hellip;]<\/p>\n","protected":false},"author":7,"featured_media":0,"parent":0,"menu_order":0,"comment_status":"closed","ping_status":"closed","template":"","meta":{"_acf_changed":false,"om_disable_all_campaigns":false,"inline_featured_image":false,"_monsterinsights_skip_tracking":false,"_monsterinsights_sitenote_active":false,"_monsterinsights_sitenote_note":"","_monsterinsights_sitenote_category":0,"footnotes":""},"class_list":["post-15008","page","type-page","status-publish","hentry"],"acf":[],"_links":{"self":[{"href":"https:\/\/www.servosis.com\/pt\/wp-json\/wp\/v2\/pages\/15008","targetHints":{"allow":["GET"]}}],"collection":[{"href":"https:\/\/www.servosis.com\/pt\/wp-json\/wp\/v2\/pages"}],"about":[{"href":"https:\/\/www.servosis.com\/pt\/wp-json\/wp\/v2\/types\/page"}],"author":[{"embeddable":true,"href":"https:\/\/www.servosis.com\/pt\/wp-json\/wp\/v2\/users\/7"}],"replies":[{"embeddable":true,"href":"https:\/\/www.servosis.com\/pt\/wp-json\/wp\/v2\/comments?post=15008"}],"version-history":[{"count":0,"href":"https:\/\/www.servosis.com\/pt\/wp-json\/wp\/v2\/pages\/15008\/revisions"}],"wp:attachment":[{"href":"https:\/\/www.servosis.com\/pt\/wp-json\/wp\/v2\/media?parent=15008"}],"curies":[{"name":"wp","href":"https:\/\/api.w.org\/{rel}","templated":true}]}}