{"id":3,"date":"2021-09-30T03:00:36","date_gmt":"2021-09-30T03:00:36","guid":{"rendered":"https:\/\/www.servosis.wsi.devsite.es\/?page_id=3"},"modified":"2024-11-18T16:22:19","modified_gmt":"2024-11-18T14:22:19","slug":"politica-de-privacidade","status":"publish","type":"page","link":"https:\/\/www.servosis.com\/pt\/politica-privacidad\/","title":{"rendered":"Pol\u00edtica de privacidade"},"content":{"rendered":"<div data-elementor-type=\"wp-page\" data-elementor-id=\"3\" class=\"elementor elementor-3\" data-elementor-post-type=\"page\">\n\t\t\t\t\t\t<section class=\"elementor-section elementor-top-section elementor-element elementor-element-5fb468cb elementor-section-boxed elementor-section-height-default elementor-section-height-default rt-parallax-bg-no\" data-id=\"5fb468cb\" data-element_type=\"section\" data-e-type=\"section\">\n\t\t\t\t\t\t<div class=\"elementor-container elementor-column-gap-default\">\n\t\t\t\t\t<div class=\"elementor-column elementor-col-100 elementor-top-column elementor-element elementor-element-241410af\" data-id=\"241410af\" data-element_type=\"column\" data-e-type=\"column\">\n\t\t\t<div class=\"elementor-widget-wrap elementor-element-populated\">\n\t\t\t\t\t\t<div class=\"elementor-element elementor-element-130aa877 elementor-widget elementor-widget-text-editor\" data-id=\"130aa877\" data-element_type=\"widget\" data-e-type=\"widget\" data-widget_type=\"text-editor.default\">\n\t\t\t\t<div class=\"elementor-widget-container\">\n\t\t\t\t\t\t\t\t\t<div class=\"texto\"><p>Fecha de \u00faltima actualizaci\u00f3n: 05\/04\/2024<\/p><p><strong>1. Informa\u00e7\u00f5es coletadas<\/strong>:<br \/>Coletamos informa\u00e7\u00f5es pessoais como nome, endere\u00e7o de e-mail e n\u00famero de telefone quando os usu\u00e1rios as fornecem voluntariamente por meio de formul\u00e1rios de contato, assinaturas ou ao fazer compras.<\/p><p><strong>2. Uso da informa\u00e7\u00e3o<\/strong>:<br \/>Utilizamos as informa\u00e7\u00f5es coletadas para processar transa\u00e7\u00f5es, enviar atualiza\u00e7\u00f5es sobre produtos\/servi\u00e7os, responder a consultas e personalizar a experi\u00eancia do usu\u00e1rio.<\/p><p><strong>3. Compartilhe informa\u00e7\u00f5es<\/strong>:<br \/>N\u00e3o compartilhamos informa\u00e7\u00f5es pessoais com terceiros, exceto quando necess\u00e1rio para cumprir obriga\u00e7\u00f5es legais.<\/p><p><strong>4. Seguran\u00e7a<\/strong>:<br \/>Implementamos medidas de seguran\u00e7a para proteger as informa\u00e7\u00f5es pessoais contra acesso ou divulga\u00e7\u00e3o n\u00e3o autorizada.<\/p><p class=\"translation-block\">Reservamo-nos o direito de atualizar a nossa pol\u00edtica de privacidade, e as altera\u00e7\u00f5es ser\u00e3o refletidas nesta p\u00e1gina com uma nova data de atualiza\u00e7\u00e3o.<\/p><p><strong>6. Acesso e controle de informa\u00e7\u00f5es<\/strong>:<br \/>Os usu\u00e1rios poder\u00e3o solicitar o acesso, corre\u00e7\u00e3o ou exclus\u00e3o de suas informa\u00e7\u00f5es pessoais atrav\u00e9s de contato direto.<\/p><p><strong>7. Altera\u00e7\u00f5es na pol\u00edtica de privacidade<\/strong>:<br \/>Nos reservamos el derecho de actualizar nuestra pol\u00edtica de privacidad, y los cambios se reflejar\u00e1n en esta p\u00e1gina con una nueva fecha de actualizaci\u00f3n.<\/p><\/div>\t\t\t\t\t\t\t\t<\/div>\n\t\t\t\t<\/div>\n\t\t\t\t\t<\/div>\n\t\t<\/div>\n\t\t\t\t\t<\/div>\n\t\t<\/section>\n\t\t\t\t<\/div>","protected":false},"excerpt":{"rendered":"<p>Fecha de \u00faltima actualizaci\u00f3n: 05\/04\/2024 1. Informaci\u00f3n recopilada: Recopilamos informaci\u00f3n personal como nombre, direcci\u00f3n de correo electr\u00f3nico y n\u00famero de tel\u00e9fono cuando los usuarios voluntariamente la proporcionan a trav\u00e9s de formularios de contacto, suscripciones, o al realizar compras. 2. Uso de la informaci\u00f3n: Utilizamos la informaci\u00f3n recopilada para procesar transacciones, enviar actualizaciones sobre productos\/servicios, responder [&hellip;]<\/p>\n","protected":false},"author":2,"featured_media":0,"parent":0,"menu_order":0,"comment_status":"closed","ping_status":"closed","template":"","meta":{"_acf_changed":false,"om_disable_all_campaigns":false,"inline_featured_image":false,"_monsterinsights_skip_tracking":false,"_monsterinsights_sitenote_active":false,"_monsterinsights_sitenote_note":"","_monsterinsights_sitenote_category":0,"footnotes":""},"class_list":["post-3","page","type-page","status-publish","hentry"],"acf":[],"_links":{"self":[{"href":"https:\/\/www.servosis.com\/pt\/wp-json\/wp\/v2\/pages\/3","targetHints":{"allow":["GET"]}}],"collection":[{"href":"https:\/\/www.servosis.com\/pt\/wp-json\/wp\/v2\/pages"}],"about":[{"href":"https:\/\/www.servosis.com\/pt\/wp-json\/wp\/v2\/types\/page"}],"author":[{"embeddable":true,"href":"https:\/\/www.servosis.com\/pt\/wp-json\/wp\/v2\/users\/2"}],"replies":[{"embeddable":true,"href":"https:\/\/www.servosis.com\/pt\/wp-json\/wp\/v2\/comments?post=3"}],"version-history":[{"count":0,"href":"https:\/\/www.servosis.com\/pt\/wp-json\/wp\/v2\/pages\/3\/revisions"}],"wp:attachment":[{"href":"https:\/\/www.servosis.com\/pt\/wp-json\/wp\/v2\/media?parent=3"}],"curies":[{"name":"wp","href":"https:\/\/api.w.org\/{rel}","templated":true}]}}