{"id":11416,"date":"2022-11-02T15:54:59","date_gmt":"2022-11-02T15:54:59","guid":{"rendered":"https:\/\/www.servosis.wsi.devsite.es\/?post_type=product&#038;p=11416"},"modified":"2022-12-14T09:44:50","modified_gmt":"2022-12-14T09:44:50","slug":"automotive-2","status":"publish","type":"product","link":"https:\/\/www.servosis.com\/pt\/producto\/automocion\/","title":{"rendered":"AUTOMOCI\u00d3N"},"content":{"rendered":"<p>Temos uma vasta experi\u00eancia no mundo dos ensaios autom\u00f3veis. Desenvolvemos m\u00e1quinas espec\u00edficas para testar amortecedores, barras estabilizadoras, juntas esf\u00e9ricas, filtros... para os principais fabricantes do sector. Os nossos equipamentos est\u00e3o em constante evolu\u00e7\u00e3o para se adaptarem \u00e0s novas necessidades do sector, de modo a podermos realizar qualquer tipo de projeto \u00e0 medida das necessidades dos nossos clientes.<\/p>\n<ul>\n<li>Empresas auxiliares do sector autom\u00f3vel.<\/li>\n<li>Veios de transmiss\u00e3o.<\/li>\n<li>Juntas esf\u00e9ricas.<\/li>\n<li>Testes dos ficheiros de recolha de dados.<\/li>\n<li>Amortecedores de choque.<\/li>\n<\/ul>","protected":false},"excerpt":{"rendered":"<p>Esta serie de accesorios ha sido dise\u00f1ada y fabricada en estrecha colaboraci\u00f3n con los principales fabricantes de barras de acero nacionales.<\/p>","protected":false},"featured_media":11417,"menu_order":0,"template":"","meta":{"_acf_changed":false,"om_disable_all_campaigns":false,"inline_featured_image":false,"_monsterinsights_skip_tracking":false,"_monsterinsights_sitenote_active":false,"_monsterinsights_sitenote_note":"","_monsterinsights_sitenote_category":0},"product_brand":[],"product_cat":[109],"product_tag":[],"class_list":{"0":"post-11416","1":"product","2":"type-product","3":"status-publish","4":"has-post-thumbnail","6":"product_cat-maquinas-de-ensayo","8":"first","9":"instock","10":"shipping-taxable","11":"product-type-simple"},"acf":[],"_links":{"self":[{"href":"https:\/\/www.servosis.com\/pt\/wp-json\/wp\/v2\/product\/11416","targetHints":{"allow":["GET"]}}],"collection":[{"href":"https:\/\/www.servosis.com\/pt\/wp-json\/wp\/v2\/product"}],"about":[{"href":"https:\/\/www.servosis.com\/pt\/wp-json\/wp\/v2\/types\/product"}],"wp:featuredmedia":[{"embeddable":true,"href":"https:\/\/www.servosis.com\/pt\/wp-json\/wp\/v2\/media\/11417"}],"wp:attachment":[{"href":"https:\/\/www.servosis.com\/pt\/wp-json\/wp\/v2\/media?parent=11416"}],"wp:term":[{"taxonomy":"product_brand","embeddable":true,"href":"https:\/\/www.servosis.com\/pt\/wp-json\/wp\/v2\/product_brand?post=11416"},{"taxonomy":"product_cat","embeddable":true,"href":"https:\/\/www.servosis.com\/pt\/wp-json\/wp\/v2\/product_cat?post=11416"},{"taxonomy":"product_tag","embeddable":true,"href":"https:\/\/www.servosis.com\/pt\/wp-json\/wp\/v2\/product_tag?post=11416"}],"curies":[{"name":"wp","href":"https:\/\/api.w.org\/{rel}","templated":true}]}}