{"id":12556,"date":"2022-11-28T11:23:01","date_gmt":"2022-11-28T11:23:01","guid":{"rendered":"https:\/\/www.servosis.com\/?post_type=product&#038;p=12556"},"modified":"2022-12-14T10:04:35","modified_gmt":"2022-12-14T10:04:35","slug":"mordentes-para-tracao","status":"publish","type":"product","link":"https:\/\/www.servosis.com\/pt\/producto\/mordazas-para-traccion\/","title":{"rendered":"Mordentes de tra\u00e7\u00e3o"},"content":{"rendered":"<p>As mordazas de acionamento hidr\u00e1ulico podem ser conectadas ao grupo hidr\u00e1ulico da m\u00e1quina de ensaios ou fornecidas como um elemento independente com grupo hidr\u00e1ulico dedicado.<\/p>","protected":false},"excerpt":{"rendered":"<p>A Servosis disp\u00f5e de uma vasta gama de pin\u00e7as tensoras.<\/p>","protected":false},"featured_media":12559,"menu_order":0,"template":"","meta":{"_acf_changed":false,"om_disable_all_campaigns":false,"inline_featured_image":false,"_monsterinsights_skip_tracking":false,"_monsterinsights_sitenote_active":false,"_monsterinsights_sitenote_note":"","_monsterinsights_sitenote_category":0},"product_brand":[],"product_cat":[118,129],"product_tag":[],"class_list":{"0":"post-12556","1":"product","2":"type-product","3":"status-publish","4":"has-post-thumbnail","6":"product_cat-accesorios","7":"product_cat-mordazas-para-traccion","9":"first","10":"instock","11":"shipping-taxable","12":"product-type-simple"},"acf":[],"_links":{"self":[{"href":"https:\/\/www.servosis.com\/pt\/wp-json\/wp\/v2\/product\/12556","targetHints":{"allow":["GET"]}}],"collection":[{"href":"https:\/\/www.servosis.com\/pt\/wp-json\/wp\/v2\/product"}],"about":[{"href":"https:\/\/www.servosis.com\/pt\/wp-json\/wp\/v2\/types\/product"}],"wp:featuredmedia":[{"embeddable":true,"href":"https:\/\/www.servosis.com\/pt\/wp-json\/wp\/v2\/media\/12559"}],"wp:attachment":[{"href":"https:\/\/www.servosis.com\/pt\/wp-json\/wp\/v2\/media?parent=12556"}],"wp:term":[{"taxonomy":"product_brand","embeddable":true,"href":"https:\/\/www.servosis.com\/pt\/wp-json\/wp\/v2\/product_brand?post=12556"},{"taxonomy":"product_cat","embeddable":true,"href":"https:\/\/www.servosis.com\/pt\/wp-json\/wp\/v2\/product_cat?post=12556"},{"taxonomy":"product_tag","embeddable":true,"href":"https:\/\/www.servosis.com\/pt\/wp-json\/wp\/v2\/product_tag?post=12556"}],"curies":[{"name":"wp","href":"https:\/\/api.w.org\/{rel}","templated":true}]}}