{"id":12668,"date":"2022-12-14T09:45:18","date_gmt":"2022-12-14T09:45:18","guid":{"rendered":"https:\/\/www.servosis.com\/?post_type=product&#038;p=12668"},"modified":"2022-12-14T09:51:36","modified_gmt":"2022-12-14T09:51:36","slug":"eu-408","status":"publish","type":"product","link":"https:\/\/www.servosis.com\/pt\/producto\/me-408\/","title":{"rendered":"ME-408"},"content":{"rendered":"<p><span style=\"font-weight: 400;\">M\u00e1quina de ensaios de compress\u00e3o e cisalhamento combinados, espec\u00edfica para apoios elastom\u00e9ricos utilizados em grandes estruturas e pontes.<\/span><\/p>\n<p><span style=\"font-weight: 400;\">Dois atuadores de carga axial de 6 MN, velocidade at\u00e9 220 mm\/min.<\/span><\/p>\n<p><span style=\"font-weight: 400;\">Um atuador de carga lateral de 1,5 MN, velocidade at\u00e9 800 mm\/min.<\/span><\/p>\n<p><span style=\"font-weight: 400;\">Princ\u00edpio de funcionamento hidr\u00e1ulico<\/span><\/p>\n<p><span style=\"font-weight: 400;\">Medi\u00e7\u00e3o da for\u00e7a por c\u00e9lula de carga e sensores de press\u00e3o.<\/span><\/p>\n<p><span style=\"font-weight: 400;\">Medi\u00e7\u00e3o de deslocamento por meio de sensores lineares.<\/span><\/p>\n<p><span style=\"font-weight: 400;\">Para ensaios conforme UNE-EN 1337:3.<\/span><\/p>","protected":false},"excerpt":{"rendered":"<p>Modelo ME 408, especificamente concebido para testar rolamentos elastom\u00e9ricos.<\/p>","protected":false},"featured_media":12677,"menu_order":0,"template":"","meta":{"_acf_changed":false,"om_disable_all_campaigns":false,"inline_featured_image":false,"_monsterinsights_skip_tracking":false,"_monsterinsights_sitenote_active":false,"_monsterinsights_sitenote_note":"","_monsterinsights_sitenote_category":0},"product_brand":[],"product_cat":[124,109],"product_tag":[],"class_list":{"0":"post-12668","1":"product","2":"type-product","3":"status-publish","4":"has-post-thumbnail","6":"product_cat-maquina-para-ensayo-de-apoyos-elastomericos","7":"product_cat-maquinas-de-ensayo","9":"first","10":"instock","11":"shipping-taxable","12":"product-type-simple"},"acf":[],"_links":{"self":[{"href":"https:\/\/www.servosis.com\/pt\/wp-json\/wp\/v2\/product\/12668","targetHints":{"allow":["GET"]}}],"collection":[{"href":"https:\/\/www.servosis.com\/pt\/wp-json\/wp\/v2\/product"}],"about":[{"href":"https:\/\/www.servosis.com\/pt\/wp-json\/wp\/v2\/types\/product"}],"wp:featuredmedia":[{"embeddable":true,"href":"https:\/\/www.servosis.com\/pt\/wp-json\/wp\/v2\/media\/12677"}],"wp:attachment":[{"href":"https:\/\/www.servosis.com\/pt\/wp-json\/wp\/v2\/media?parent=12668"}],"wp:term":[{"taxonomy":"product_brand","embeddable":true,"href":"https:\/\/www.servosis.com\/pt\/wp-json\/wp\/v2\/product_brand?post=12668"},{"taxonomy":"product_cat","embeddable":true,"href":"https:\/\/www.servosis.com\/pt\/wp-json\/wp\/v2\/product_cat?post=12668"},{"taxonomy":"product_tag","embeddable":true,"href":"https:\/\/www.servosis.com\/pt\/wp-json\/wp\/v2\/product_tag?post=12668"}],"curies":[{"name":"wp","href":"https:\/\/api.w.org\/{rel}","templated":true}]}}