{"id":12683,"date":"2022-12-14T10:15:23","date_gmt":"2022-12-14T10:15:23","guid":{"rendered":"https:\/\/www.servosis.com\/?post_type=product&#038;p=12683"},"modified":"2022-12-14T10:18:53","modified_gmt":"2022-12-14T10:18:53","slug":"mod-mcr","status":"publish","type":"product","link":"https:\/\/www.servosis.com\/pt\/producto\/mod-mcr\/","title":{"rendered":"Mod MCR"},"content":{"rendered":"<p><span style=\"font-weight: 400;\">\u00c1rea de corte: permite at\u00e9 9 medidas de di\u00e2metro, \u00e0 escolha.<\/span><\/p>\n<p><span style=\"font-weight: 400;\">Possibilidade de incluir um segundo acess\u00f3rio de corte intercambi\u00e1vel para outros 9 di\u00e2metros.<\/span><\/p>\n<p><span style=\"font-weight: 400;\">\u00c1rea de recalque: permite o recalque de amostras com altura selecion\u00e1vel e program\u00e1vel.<\/span><\/p>\n<p><span style=\"font-weight: 400;\">Servocontrole por meio de controlador l\u00f3gico program\u00e1vel (PLC).<\/span><\/p>\n<p><span style=\"font-weight: 400;\">Fechamento autom\u00e1tico de seguran\u00e7a das portas.<\/span><\/p>","protected":false},"excerpt":{"rendered":"<p><span style=\"font-weight: 400;\">M\u00e1quina de corte e rebarba\u00e7\u00e3o de var\u00f5es<\/span><\/p>","protected":false},"featured_media":12689,"menu_order":0,"template":"","meta":{"_acf_changed":false,"om_disable_all_campaigns":false,"inline_featured_image":false,"_monsterinsights_skip_tracking":false,"_monsterinsights_sitenote_active":false,"_monsterinsights_sitenote_note":"","_monsterinsights_sitenote_category":0},"product_brand":[],"product_cat":[126,109],"product_tag":[],"class_list":{"0":"post-12683","1":"product","2":"type-product","3":"status-publish","4":"has-post-thumbnail","6":"product_cat-maquina-de-corte-y-recalcado","7":"product_cat-maquinas-de-ensayo","9":"first","10":"instock","11":"shipping-taxable","12":"product-type-simple"},"acf":[],"_links":{"self":[{"href":"https:\/\/www.servosis.com\/pt\/wp-json\/wp\/v2\/product\/12683","targetHints":{"allow":["GET"]}}],"collection":[{"href":"https:\/\/www.servosis.com\/pt\/wp-json\/wp\/v2\/product"}],"about":[{"href":"https:\/\/www.servosis.com\/pt\/wp-json\/wp\/v2\/types\/product"}],"wp:featuredmedia":[{"embeddable":true,"href":"https:\/\/www.servosis.com\/pt\/wp-json\/wp\/v2\/media\/12689"}],"wp:attachment":[{"href":"https:\/\/www.servosis.com\/pt\/wp-json\/wp\/v2\/media?parent=12683"}],"wp:term":[{"taxonomy":"product_brand","embeddable":true,"href":"https:\/\/www.servosis.com\/pt\/wp-json\/wp\/v2\/product_brand?post=12683"},{"taxonomy":"product_cat","embeddable":true,"href":"https:\/\/www.servosis.com\/pt\/wp-json\/wp\/v2\/product_cat?post=12683"},{"taxonomy":"product_tag","embeddable":true,"href":"https:\/\/www.servosis.com\/pt\/wp-json\/wp\/v2\/product_tag?post=12683"}],"curies":[{"name":"wp","href":"https:\/\/api.w.org\/{rel}","templated":true}]}}