{"id":13555,"date":"2023-03-03T07:50:42","date_gmt":"2023-03-03T07:50:42","guid":{"rendered":"https:\/\/www.servosis.com\/?post_type=product&#038;p=13555"},"modified":"2024-04-19T15:15:00","modified_gmt":"2024-04-19T13:15:00","slug":"camaras-e-fornos-climaticos-2","status":"publish","type":"product","link":"https:\/\/www.servosis.com\/pt\/producto\/camaras-climaticas-y-hornos\/","title":{"rendered":"Equipamentos de controle clim\u00e1tico e t\u00e9rmico para ensaios de precis\u00e3o."},"content":{"rendered":"<p style=\"font-weight: 400;\">As c\u00e2maras clim\u00e1ticas de temperatura e humidade, fornos, estufas, fornos e acess\u00f3rios de alta temperatura s\u00e3o selecionados para cada projeto, de modo a fornecer sempre ao cliente o equipamento adequado.<\/p>\n<p style=\"font-weight: 400;\">O sistema de controle PCD2K \u00e9 capaz de sincronizar o controle desses acess\u00f3rios com as m\u00e1quinas de ensaio.<\/p>","protected":false},"excerpt":{"rendered":"<h2>Optimize os seus ensaios com c\u00e2maras clim\u00e1ticas e fornos de alta qualidade.<\/h2>\n<p>O sistema de controle PCD2K \u00e9 capaz de sincronizar o controle desses acess\u00f3rios com as m\u00e1quinas de ensaio.<\/p>","protected":false},"featured_media":13561,"menu_order":0,"template":"","meta":{"_acf_changed":false,"om_disable_all_campaigns":false,"inline_featured_image":false,"_monsterinsights_skip_tracking":false,"_monsterinsights_sitenote_active":false,"_monsterinsights_sitenote_note":"","_monsterinsights_sitenote_category":0},"product_brand":[],"product_cat":[118,134],"product_tag":[],"class_list":{"0":"post-13555","1":"product","2":"type-product","3":"status-publish","4":"has-post-thumbnail","6":"product_cat-accesorios","7":"product_cat-camaras-climaticas-y-hornos","9":"first","10":"instock","11":"shipping-taxable","12":"product-type-simple"},"acf":[],"_links":{"self":[{"href":"https:\/\/www.servosis.com\/pt\/wp-json\/wp\/v2\/product\/13555","targetHints":{"allow":["GET"]}}],"collection":[{"href":"https:\/\/www.servosis.com\/pt\/wp-json\/wp\/v2\/product"}],"about":[{"href":"https:\/\/www.servosis.com\/pt\/wp-json\/wp\/v2\/types\/product"}],"wp:featuredmedia":[{"embeddable":true,"href":"https:\/\/www.servosis.com\/pt\/wp-json\/wp\/v2\/media\/13561"}],"wp:attachment":[{"href":"https:\/\/www.servosis.com\/pt\/wp-json\/wp\/v2\/media?parent=13555"}],"wp:term":[{"taxonomy":"product_brand","embeddable":true,"href":"https:\/\/www.servosis.com\/pt\/wp-json\/wp\/v2\/product_brand?post=13555"},{"taxonomy":"product_cat","embeddable":true,"href":"https:\/\/www.servosis.com\/pt\/wp-json\/wp\/v2\/product_cat?post=13555"},{"taxonomy":"product_tag","embeddable":true,"href":"https:\/\/www.servosis.com\/pt\/wp-json\/wp\/v2\/product_tag?post=13555"}],"curies":[{"name":"wp","href":"https:\/\/api.w.org\/{rel}","templated":true}]}}