{"id":15360,"date":"2024-12-23T12:31:29","date_gmt":"2024-12-23T10:31:29","guid":{"rendered":"https:\/\/www.servosis.com\/?post_type=product&#038;p=15360"},"modified":"2024-12-23T13:11:48","modified_gmt":"2024-12-23T11:11:48","slug":"copia-de-extensometria","status":"publish","type":"product","link":"https:\/\/www.servosis.com\/pt\/producto\/extensometria-copy\/","title":{"rendered":"EXTENSOMETRIA DE V\u00cdDEO"},"content":{"rendered":"<p>Extens\u00f3metro aut\u00f3nomo, capaz de substituir v\u00e1rios sensores por um \u00fanico instrumento espec\u00edfico para a ind\u00fastria.<br \/>\nUtiliza\u00e7\u00e3o de IA adaptativa para implementar d\u00e9cadas de conhecimento.<\/p>","protected":false},"excerpt":{"rendered":"<p>A Servosis possui uma vasta gama de extens\u00f3metros dispon\u00edveis<\/p>","protected":false},"featured_media":15362,"menu_order":0,"template":"","meta":{"_acf_changed":false,"om_disable_all_campaigns":false,"inline_featured_image":false,"_monsterinsights_skip_tracking":false,"_monsterinsights_sitenote_active":false,"_monsterinsights_sitenote_note":"","_monsterinsights_sitenote_category":0},"product_brand":[],"product_cat":[118,121],"product_tag":[],"class_list":{"0":"post-15360","1":"product","2":"type-product","3":"status-publish","4":"has-post-thumbnail","6":"product_cat-accesorios","7":"product_cat-extensometros-videoextensometros","9":"first","10":"instock","11":"shipping-taxable","12":"product-type-simple"},"acf":[],"_links":{"self":[{"href":"https:\/\/www.servosis.com\/pt\/wp-json\/wp\/v2\/product\/15360","targetHints":{"allow":["GET"]}}],"collection":[{"href":"https:\/\/www.servosis.com\/pt\/wp-json\/wp\/v2\/product"}],"about":[{"href":"https:\/\/www.servosis.com\/pt\/wp-json\/wp\/v2\/types\/product"}],"wp:featuredmedia":[{"embeddable":true,"href":"https:\/\/www.servosis.com\/pt\/wp-json\/wp\/v2\/media\/15362"}],"wp:attachment":[{"href":"https:\/\/www.servosis.com\/pt\/wp-json\/wp\/v2\/media?parent=15360"}],"wp:term":[{"taxonomy":"product_brand","embeddable":true,"href":"https:\/\/www.servosis.com\/pt\/wp-json\/wp\/v2\/product_brand?post=15360"},{"taxonomy":"product_cat","embeddable":true,"href":"https:\/\/www.servosis.com\/pt\/wp-json\/wp\/v2\/product_cat?post=15360"},{"taxonomy":"product_tag","embeddable":true,"href":"https:\/\/www.servosis.com\/pt\/wp-json\/wp\/v2\/product_tag?post=15360"}],"curies":[{"name":"wp","href":"https:\/\/api.w.org\/{rel}","templated":true}]}}