{"id":9691,"date":"2022-09-28T11:06:13","date_gmt":"2022-09-28T11:06:13","guid":{"rendered":"https:\/\/www.servosis.wsi.devsite.es\/?post_type=product&#038;p=9691"},"modified":"2024-04-03T11:57:08","modified_gmt":"2024-04-03T09:57:08","slug":"eu-402","status":"publish","type":"product","link":"https:\/\/www.servosis.com\/pt\/producto\/me-402\/","title":{"rendered":"ME 402"},"content":{"rendered":"<p>Ensaios de tra\u00e7\u00e3o est\u00e1tica, compress\u00e3o e flex\u00e3o.<\/p>\n<p>Capacidade de carga entre 1 e 300 KN<\/p>\n<p>Velocidad de ensayos hasta 1000 mm\/min<\/p>\n<p>Ensayos para todo tipo de materiales:<\/p>\n<ul>\n<li>Metales.<\/li>\n<li>Pl\u00e1sticos.<\/li>\n<li>Maderas.<\/li>\n<li>Aislantes.<\/li>\n<li>Caucho.<\/li>\n<li>Composites.<\/li>\n<li>Materiales de construcci\u00f3n.<\/li>\n<li>Cimentos<\/li>\n<li>Alvenaria<\/li>\n<li>Papel, cart\u00f3n.<\/li>\n<li>Biomateriales.<\/li>\n<\/ul>\n<p>Princ\u00edpio de funcionamento eletromec\u00e2nico, 1 fuso de esferas.<\/p>\n<p>Medi\u00e7\u00e3o da for\u00e7a por c\u00e9lula de carga e sensores de press\u00e3o.<\/p>\n<p>Medi\u00e7\u00e3o de deslocamento usando um encoder digital.<\/p>\n<p>Posibilidad de incorporar todo tipo de accesorios:<\/p>\n<ul>\n<li>Mordazas de tracci\u00f3n.<\/li>\n<li>Utillaje para ensayos a flexi\u00f3n.<\/li>\n<li>Utillaje para ensayos a compresi\u00f3n.<\/li>\n<li>Extensometr\u00eda.<\/li>\n<li>Ensayos climatizados.<\/li>\n<\/ul>","protected":false},"excerpt":{"rendered":"<p>Ensaios de tra\u00e7\u00e3o est\u00e1tica, compress\u00e3o e flex\u00e3o.<\/p>","protected":false},"featured_media":9692,"menu_order":0,"template":"","meta":{"_acf_changed":false,"om_disable_all_campaigns":false,"inline_featured_image":false,"_monsterinsights_skip_tracking":false,"_monsterinsights_sitenote_active":false,"_monsterinsights_sitenote_note":"","_monsterinsights_sitenote_category":0},"product_brand":[],"product_cat":[109,116],"product_tag":[],"class_list":{"0":"post-9691","1":"product","2":"type-product","3":"status-publish","4":"has-post-thumbnail","6":"product_cat-maquinas-de-ensayo","7":"product_cat-maquinas-universales","9":"first","10":"instock","11":"shipping-taxable","12":"product-type-simple"},"acf":[],"_links":{"self":[{"href":"https:\/\/www.servosis.com\/pt\/wp-json\/wp\/v2\/product\/9691","targetHints":{"allow":["GET"]}}],"collection":[{"href":"https:\/\/www.servosis.com\/pt\/wp-json\/wp\/v2\/product"}],"about":[{"href":"https:\/\/www.servosis.com\/pt\/wp-json\/wp\/v2\/types\/product"}],"wp:featuredmedia":[{"embeddable":true,"href":"https:\/\/www.servosis.com\/pt\/wp-json\/wp\/v2\/media\/9692"}],"wp:attachment":[{"href":"https:\/\/www.servosis.com\/pt\/wp-json\/wp\/v2\/media?parent=9691"}],"wp:term":[{"taxonomy":"product_brand","embeddable":true,"href":"https:\/\/www.servosis.com\/pt\/wp-json\/wp\/v2\/product_brand?post=9691"},{"taxonomy":"product_cat","embeddable":true,"href":"https:\/\/www.servosis.com\/pt\/wp-json\/wp\/v2\/product_cat?post=9691"},{"taxonomy":"product_tag","embeddable":true,"href":"https:\/\/www.servosis.com\/pt\/wp-json\/wp\/v2\/product_tag?post=9691"}],"curies":[{"name":"wp","href":"https:\/\/api.w.org\/{rel}","templated":true}]}}