{"id":9700,"date":"2022-09-28T11:36:39","date_gmt":"2022-09-28T11:36:39","guid":{"rendered":"https:\/\/www.servosis.wsi.devsite.es\/?post_type=product&#038;p=9700"},"modified":"2022-12-15T10:11:16","modified_gmt":"2022-12-15T10:11:16","slug":"serie-mt","status":"publish","type":"product","link":"https:\/\/www.servosis.com\/pt\/producto\/serie-mt\/","title":{"rendered":"S\u00c9RIE MT"},"content":{"rendered":"<p>Ensaios de tor\u00e7\u00e3o...<\/p>\n<p>Capacidade de aplica\u00e7\u00e3o de bin\u00e1rio entre 10 e 5000 N-m<\/p>\n<p>Velocidade de teste at\u00e9 500 rpm<\/p>\n<p>Ensayos para todo tipo de materiales:<\/p>\n<ul>\n<li>Metales.<\/li>\n<li>Fio.<\/li>\n<li>Pl\u00e1sticos.<\/li>\n<li>Composites.<\/li>\n<li>Biomateriales.<\/li>\n<\/ul>\n<p>Princ\u00edpio de funcionamento eletromec\u00e2nico.<\/p>\n<p>Medi\u00e7\u00e3o do torque aplicado por c\u00e9lula de torque.<\/p>\n<p>Medi\u00e7\u00e3o de giro e \u00e2ngulo por encoder digital.<\/p>\n<p>Posibilidad de incorporar todo tipo de accesorios:<\/p>\n<ul>\n<li>Mordentes de aperto espec\u00edficos.<\/li>\n<li>Detectores de quebra de amostras de continuidade.<\/li>\n<li>Acess\u00f3rios para pr\u00e9-esfor\u00e7o.<\/li>\n<li>Extensometr\u00eda.<\/li>\n<li>Videoextens\u00f3metros.<\/li>\n<li>Ensayos climatizados.<\/li>\n<\/ul>","protected":false},"excerpt":{"rendered":"<p>Ensaios de tor\u00e7\u00e3o\/tor\u00e7\u00e3o.<\/p>","protected":false},"featured_media":9701,"menu_order":0,"template":"","meta":{"_acf_changed":false,"om_disable_all_campaigns":false,"inline_featured_image":false,"_monsterinsights_skip_tracking":false,"_monsterinsights_sitenote_active":false,"_monsterinsights_sitenote_note":"","_monsterinsights_sitenote_category":0},"product_brand":[],"product_cat":[109,115],"product_tag":[],"class_list":{"0":"post-9700","1":"product","2":"type-product","3":"status-publish","4":"has-post-thumbnail","6":"product_cat-maquinas-de-ensayo","7":"product_cat-maquinas-de-torsion","9":"first","10":"instock","11":"shipping-taxable","12":"product-type-simple"},"acf":[],"_links":{"self":[{"href":"https:\/\/www.servosis.com\/pt\/wp-json\/wp\/v2\/product\/9700","targetHints":{"allow":["GET"]}}],"collection":[{"href":"https:\/\/www.servosis.com\/pt\/wp-json\/wp\/v2\/product"}],"about":[{"href":"https:\/\/www.servosis.com\/pt\/wp-json\/wp\/v2\/types\/product"}],"wp:featuredmedia":[{"embeddable":true,"href":"https:\/\/www.servosis.com\/pt\/wp-json\/wp\/v2\/media\/9701"}],"wp:attachment":[{"href":"https:\/\/www.servosis.com\/pt\/wp-json\/wp\/v2\/media?parent=9700"}],"wp:term":[{"taxonomy":"product_brand","embeddable":true,"href":"https:\/\/www.servosis.com\/pt\/wp-json\/wp\/v2\/product_brand?post=9700"},{"taxonomy":"product_cat","embeddable":true,"href":"https:\/\/www.servosis.com\/pt\/wp-json\/wp\/v2\/product_cat?post=9700"},{"taxonomy":"product_tag","embeddable":true,"href":"https:\/\/www.servosis.com\/pt\/wp-json\/wp\/v2\/product_tag?post=9700"}],"curies":[{"name":"wp","href":"https:\/\/api.w.org\/{rel}","templated":true}]}}