{"id":9704,"date":"2022-09-28T11:39:31","date_gmt":"2022-09-28T11:39:31","guid":{"rendered":"https:\/\/www.servosis.wsi.devsite.es\/?post_type=product&#038;p=9704"},"modified":"2022-12-15T10:07:02","modified_gmt":"2022-12-15T10:07:02","slug":"curvatura-rotativa","status":"publish","type":"product","link":"https:\/\/www.servosis.com\/pt\/producto\/flexion-rotativa\/","title":{"rendered":"FLEX\u00c3O ROTATIVA"},"content":{"rendered":"<p>Ensaio combinado de tor\u00e7\u00e3o + tra\u00e7\u00e3o em amortecedores...<\/p>\n<p>Capacidade de aplica\u00e7\u00e3o de bin\u00e1rio at\u00e9 500 N-m<\/p>\n<p>Velocidade de teste at\u00e9 200 rpm<\/p>\n<p>Capacidade de carga de tra\u00e7\u00e3o at\u00e9 1 tonelada.<\/p>\n<p>Ensaios espec\u00edficos para amortecedores de autom\u00f3veis.<\/p>\n<p>Princ\u00edpio de funcionamento eletromec\u00e2nico + hidr\u00e1ulico.<\/p>\n<p>Medi\u00e7\u00e3o do bin\u00e1rio aplicado por c\u00e9lula de bin\u00e1rio.<\/p>\n<p>Medi\u00e7\u00e3o de for\u00e7a axial por c\u00e9lula de carga<\/p>\n<p>Medi\u00e7\u00e3o de giro e \u00e2ngulo por encoder digital.<\/p>","protected":false},"excerpt":{"rendered":"<p>Ensaio combinado de tor\u00e7\u00e3o + tra\u00e7\u00e3o em amortecedores...<\/p>","protected":false},"featured_media":9705,"menu_order":0,"template":"","meta":{"_acf_changed":false,"om_disable_all_campaigns":false,"inline_featured_image":false,"_monsterinsights_skip_tracking":false,"_monsterinsights_sitenote_active":false,"_monsterinsights_sitenote_note":"","_monsterinsights_sitenote_category":0},"product_brand":[],"product_cat":[109,115],"product_tag":[],"class_list":{"0":"post-9704","1":"product","2":"type-product","3":"status-publish","4":"has-post-thumbnail","6":"product_cat-maquinas-de-ensayo","7":"product_cat-maquinas-de-torsion","9":"first","10":"instock","11":"shipping-taxable","12":"product-type-simple"},"acf":[],"_links":{"self":[{"href":"https:\/\/www.servosis.com\/pt\/wp-json\/wp\/v2\/product\/9704","targetHints":{"allow":["GET"]}}],"collection":[{"href":"https:\/\/www.servosis.com\/pt\/wp-json\/wp\/v2\/product"}],"about":[{"href":"https:\/\/www.servosis.com\/pt\/wp-json\/wp\/v2\/types\/product"}],"wp:featuredmedia":[{"embeddable":true,"href":"https:\/\/www.servosis.com\/pt\/wp-json\/wp\/v2\/media\/9705"}],"wp:attachment":[{"href":"https:\/\/www.servosis.com\/pt\/wp-json\/wp\/v2\/media?parent=9704"}],"wp:term":[{"taxonomy":"product_brand","embeddable":true,"href":"https:\/\/www.servosis.com\/pt\/wp-json\/wp\/v2\/product_brand?post=9704"},{"taxonomy":"product_cat","embeddable":true,"href":"https:\/\/www.servosis.com\/pt\/wp-json\/wp\/v2\/product_cat?post=9704"},{"taxonomy":"product_tag","embeddable":true,"href":"https:\/\/www.servosis.com\/pt\/wp-json\/wp\/v2\/product_tag?post=9704"}],"curies":[{"name":"wp","href":"https:\/\/api.w.org\/{rel}","templated":true}]}}