{"id":9714,"date":"2022-09-28T13:18:56","date_gmt":"2022-09-28T13:18:56","guid":{"rendered":"https:\/\/www.servosis.wsi.devsite.es\/?post_type=product&#038;p=9714"},"modified":"2024-03-20T11:56:08","modified_gmt":"2024-03-20T09:56:08","slug":"me-406","status":"publish","type":"product","link":"https:\/\/www.servosis.com\/pt\/producto\/me-406\/","title":{"rendered":"ME-406"},"content":{"rendered":"<p>Designs espec\u00edficos adaptados a cada projeto.<\/p>\n<p>Ensaios est\u00e1ticos e din\u00e2micos em grandes estruturas.<\/p>\n<p>Podem ser instalados v\u00e1rios actuadores lineares ou rotativos.<\/p>\n<p>Grande versatilidade.<\/p>\n<p>Capacidade de carga at\u00e9 2500KN<\/p>\n<p>Pratos grandes.<\/p>\n<p>Ensayos para todo tipo de materiales:<\/p>\n<ul>\n<li>Pedras.<\/li>\n<li>Setor autom\u00f3vel.<\/li>\n<li>Setor aeron\u00e1utico.<\/li>\n<li>Composites.<\/li>\n<li>Pilares.<\/li>\n<li>Bet\u00e3o.<\/li>\n<\/ul>\n<p>Princ\u00edpio de funcionamento servohidr\u00e1ulico.<br \/>\nMedi\u00e7\u00e3o da for\u00e7a por c\u00e9lula de carga e sensores de press\u00e3o.<br \/>\nMedi\u00e7\u00e3o de deslocamento usando um sensor linear SSI.<br \/>\nPosibilidad de incorporar todo tipo de accesorios:<\/p>\n<ul>\n<li>Utillaje para ensayos a flexi\u00f3n.<\/li>\n<li>Dispositivos de teste multieixos.<\/li>\n<\/ul>","protected":false},"excerpt":{"rendered":"<p>Designs espec\u00edficos adaptados a cada projeto.<\/p>\n<p><a style=\"color: white; background-color: #4972b2; padding: 12px;\" href=\"https:\/\/www.servosis.com\/wp-content\/uploads\/2022\/09\/ME-406.pdf\" target=\"_blank\" rel=\"noopener\"><strong>Descarregar PDF<\/strong><\/a><\/p>","protected":false},"featured_media":11820,"menu_order":0,"template":"","meta":{"_acf_changed":false,"om_disable_all_campaigns":false,"inline_featured_image":false,"_monsterinsights_skip_tracking":false,"_monsterinsights_sitenote_active":false,"_monsterinsights_sitenote_note":"","_monsterinsights_sitenote_category":0},"product_brand":[],"product_cat":[109,112],"product_tag":[],"class_list":{"0":"post-9714","1":"product","2":"type-product","3":"status-publish","4":"has-post-thumbnail","6":"product_cat-maquinas-de-ensayo","7":"product_cat-portico-monoactuador-multiactuador","9":"first","10":"instock","11":"shipping-taxable","12":"product-type-simple"},"acf":[],"_links":{"self":[{"href":"https:\/\/www.servosis.com\/pt\/wp-json\/wp\/v2\/product\/9714","targetHints":{"allow":["GET"]}}],"collection":[{"href":"https:\/\/www.servosis.com\/pt\/wp-json\/wp\/v2\/product"}],"about":[{"href":"https:\/\/www.servosis.com\/pt\/wp-json\/wp\/v2\/types\/product"}],"wp:featuredmedia":[{"embeddable":true,"href":"https:\/\/www.servosis.com\/pt\/wp-json\/wp\/v2\/media\/11820"}],"wp:attachment":[{"href":"https:\/\/www.servosis.com\/pt\/wp-json\/wp\/v2\/media?parent=9714"}],"wp:term":[{"taxonomy":"product_brand","embeddable":true,"href":"https:\/\/www.servosis.com\/pt\/wp-json\/wp\/v2\/product_brand?post=9714"},{"taxonomy":"product_cat","embeddable":true,"href":"https:\/\/www.servosis.com\/pt\/wp-json\/wp\/v2\/product_cat?post=9714"},{"taxonomy":"product_tag","embeddable":true,"href":"https:\/\/www.servosis.com\/pt\/wp-json\/wp\/v2\/product_tag?post=9714"}],"curies":[{"name":"wp","href":"https:\/\/api.w.org\/{rel}","templated":true}]}}