{"id":9721,"date":"2022-09-28T13:21:28","date_gmt":"2022-09-28T13:21:28","guid":{"rendered":"https:\/\/www.servosis.wsi.devsite.es\/?post_type=product&#038;p=9721"},"modified":"2023-05-19T07:13:36","modified_gmt":"2023-05-19T07:13:36","slug":"misturas-betuminosas","status":"publish","type":"product","link":"https:\/\/www.servosis.com\/pt\/producto\/mezclas-bituminosas\/","title":{"rendered":"MISTURAS BETUMINOSAS"},"content":{"rendered":"<p>A Servosis oferece-lhe solu\u00e7\u00f5es em constante evolu\u00e7\u00e3o no dom\u00ednio dos ensaios de misturas betuminosas. Estamos em contacto com os principais laborat\u00f3rios do sector para garantir uma gama de produtos que cumprem as normas mais recentes.<\/p>\n<p>S\u00e3o utilizadas as m\u00e1quinas da s\u00e9rie muf 401, equipadas com acess\u00f3rios e software espec\u00edfico.<\/p>\n<p>UNE EN 12697<\/p>\n<p>Normas NLT<\/p>\n<p>Rigidez \u00e0 fadiga em 4 pontos<\/p>\n<p>Ensaios com ar condicionado<\/p>\n<p>Controlo sincronizado da temperatura\/carga<\/p>\n<p>Ensaio UGR FACT<\/p>","protected":false},"excerpt":{"rendered":"<p>A Servosis oferece solu\u00e7\u00f5es em constante evolu\u00e7\u00e3o para o campo de ensaios em misturas betuminosas.<\/p>","protected":false},"featured_media":9722,"menu_order":0,"template":"","meta":{"_acf_changed":false,"om_disable_all_campaigns":false,"inline_featured_image":false,"_monsterinsights_skip_tracking":false,"_monsterinsights_sitenote_active":false,"_monsterinsights_sitenote_note":"","_monsterinsights_sitenote_category":0},"product_brand":[],"product_cat":[118,132],"product_tag":[],"class_list":{"0":"post-9721","1":"product","2":"type-product","3":"status-publish","4":"has-post-thumbnail","6":"product_cat-accesorios","7":"product_cat-mezclas-bituminosas","9":"first","10":"instock","11":"shipping-taxable","12":"product-type-simple"},"acf":[],"_links":{"self":[{"href":"https:\/\/www.servosis.com\/pt\/wp-json\/wp\/v2\/product\/9721","targetHints":{"allow":["GET"]}}],"collection":[{"href":"https:\/\/www.servosis.com\/pt\/wp-json\/wp\/v2\/product"}],"about":[{"href":"https:\/\/www.servosis.com\/pt\/wp-json\/wp\/v2\/types\/product"}],"wp:featuredmedia":[{"embeddable":true,"href":"https:\/\/www.servosis.com\/pt\/wp-json\/wp\/v2\/media\/9722"}],"wp:attachment":[{"href":"https:\/\/www.servosis.com\/pt\/wp-json\/wp\/v2\/media?parent=9721"}],"wp:term":[{"taxonomy":"product_brand","embeddable":true,"href":"https:\/\/www.servosis.com\/pt\/wp-json\/wp\/v2\/product_brand?post=9721"},{"taxonomy":"product_cat","embeddable":true,"href":"https:\/\/www.servosis.com\/pt\/wp-json\/wp\/v2\/product_cat?post=9721"},{"taxonomy":"product_tag","embeddable":true,"href":"https:\/\/www.servosis.com\/pt\/wp-json\/wp\/v2\/product_tag?post=9721"}],"curies":[{"name":"wp","href":"https:\/\/api.w.org\/{rel}","templated":true}]}}