{"id":9725,"date":"2022-09-28T13:23:10","date_gmt":"2022-09-28T13:23:10","guid":{"rendered":"https:\/\/www.servosis.wsi.devsite.es\/?post_type=product&#038;p=9725"},"modified":"2022-12-14T16:05:06","modified_gmt":"2022-12-14T16:05:06","slug":"preparacao-de-amostras-metalicas-2","status":"publish","type":"product","link":"https:\/\/www.servosis.com\/pt\/producto\/preparacion-de-muestras-metalicas\/","title":{"rendered":"PREPARACI\u00d3N DE MUESTRAS MET\u00c1LICAS"},"content":{"rendered":"<p>Esta gama de acess\u00f3rios foi concebida e fabricada em estreita colabora\u00e7\u00e3o com os principais fabricantes nacionais de barras de a\u00e7o. Foi desenvolvida uma gama de produtos eficientes, robustos e de f\u00e1cil utiliza\u00e7\u00e3o, de modo a que a prepara\u00e7\u00e3o de amostras para ensaio seja agora um processo controlado, que cumpre as normas mais rigorosas e, ao mesmo tempo, \u00e9 simples, conveniente e r\u00e1pido para o utilizador.<\/p>\n<ul>\n<li>Marca\u00e7\u00e3o.<\/li>\n<li>Alisamento.<\/li>\n<li>Sublinhado.<\/li>\n<li>Condicionamento t\u00e9rmico.<\/li>\n<\/ul>","protected":false},"excerpt":{"rendered":"<p>Esta serie de accesorios ha sido dise\u00f1ada y fabricada en estrecha colaboraci\u00f3n con los principales fabricantes de barras de acero nacionales.<\/p>","protected":false},"featured_media":9726,"menu_order":0,"template":"","meta":{"_acf_changed":false,"om_disable_all_campaigns":false,"inline_featured_image":false,"_monsterinsights_skip_tracking":false,"_monsterinsights_sitenote_active":false,"_monsterinsights_sitenote_note":"","_monsterinsights_sitenote_category":0},"product_brand":[],"product_cat":[109],"product_tag":[],"class_list":{"0":"post-9725","1":"product","2":"type-product","3":"status-publish","4":"has-post-thumbnail","6":"product_cat-maquinas-de-ensayo","8":"first","9":"instock","10":"shipping-taxable","11":"product-type-simple"},"acf":[],"_links":{"self":[{"href":"https:\/\/www.servosis.com\/pt\/wp-json\/wp\/v2\/product\/9725","targetHints":{"allow":["GET"]}}],"collection":[{"href":"https:\/\/www.servosis.com\/pt\/wp-json\/wp\/v2\/product"}],"about":[{"href":"https:\/\/www.servosis.com\/pt\/wp-json\/wp\/v2\/types\/product"}],"wp:featuredmedia":[{"embeddable":true,"href":"https:\/\/www.servosis.com\/pt\/wp-json\/wp\/v2\/media\/9726"}],"wp:attachment":[{"href":"https:\/\/www.servosis.com\/pt\/wp-json\/wp\/v2\/media?parent=9725"}],"wp:term":[{"taxonomy":"product_brand","embeddable":true,"href":"https:\/\/www.servosis.com\/pt\/wp-json\/wp\/v2\/product_brand?post=9725"},{"taxonomy":"product_cat","embeddable":true,"href":"https:\/\/www.servosis.com\/pt\/wp-json\/wp\/v2\/product_cat?post=9725"},{"taxonomy":"product_tag","embeddable":true,"href":"https:\/\/www.servosis.com\/pt\/wp-json\/wp\/v2\/product_tag?post=9725"}],"curies":[{"name":"wp","href":"https:\/\/api.w.org\/{rel}","templated":true}]}}