{"id":9747,"date":"2022-09-28T13:51:03","date_gmt":"2022-09-28T13:51:03","guid":{"rendered":"https:\/\/www.servosis.wsi.devsite.es\/?post_type=product&#038;p=9747"},"modified":"2022-11-16T17:23:45","modified_gmt":"2022-11-16T17:23:45","slug":"pcd2k","status":"publish","type":"product","link":"https:\/\/www.servosis.com\/pt\/producto\/pcd2k\/","title":{"rendered":"PCD2K"},"content":{"rendered":"<p>SOFTWARE DE CONTROLO<br \/>\nO PCD2K \u00e9 um software de controlo universal para a realiza\u00e7\u00e3o de ensaios din\u00e2micos ou est\u00e1ticos na nossa gama de estruturas de ensaio. O utilizador tem duas op\u00e7\u00f5es diferentes para utilizar o software:<\/p>\n<p>Software de uso geral, com o qual se disp\u00f5e das m\u00e1ximas possibilidades de atua\u00e7\u00e3o na realiza\u00e7\u00e3o de ensaios. Neste modo de utiliza\u00e7\u00e3o, o utilizador pode desenvolver os seus pr\u00f3prios testes, configurar diferentes n\u00edveis de alarmes, realizar c\u00e1lculos sobre as medi\u00e7\u00f5es dos canais anal\u00f3gicos .... e exportar os dados obtidos para serem manuseados a partir de outras plataformas.<\/p>\n<p><strong>Janelas de teste padr\u00e3o personalizadas<\/strong>Estas janelas proporcionam a m\u00e1xima simplifica\u00e7\u00e3o na realiza\u00e7\u00e3o de um ensaio espec\u00edfico, uma vez que re\u00fanem numa \u00fanica janela apenas os elementos necess\u00e1rios para a realiza\u00e7\u00e3o desse ensaio espec\u00edfico e obt\u00eam diretamente os resultados de todos os c\u00e1lculos necess\u00e1rios. Estas janelas s\u00e3o sempre concebidas \u00e0 medida, de acordo com as necessidades do ensaio e o pedido do cliente.<\/p>\n<ul>\n<li>Controlo adaptativo, at\u00e9 40 kHz<\/li>\n<li>Gerador de fun\u00e7\u00f5es configur\u00e1vel<\/li>\n<li>Aquisi\u00e7\u00e3o de dados configur\u00e1vel<\/li>\n<li>Representa\u00e7\u00e3o gr\u00e1fica em tempo real<\/li>\n<li>Extensometria \u00f3tica<\/li>\n<li>Biblioteca de fun\u00e7\u00f5es<\/li>\n<\/ul>","protected":false},"excerpt":{"rendered":"<p>O PCD2K \u00e9 um software de controlo universal para a realiza\u00e7\u00e3o de ensaios din\u00e2micos ou est\u00e1ticos na nossa gama de estruturas de ensaio.<\/p>","protected":false},"featured_media":9748,"menu_order":0,"template":"","meta":{"_acf_changed":false,"om_disable_all_campaigns":false,"inline_featured_image":false,"_monsterinsights_skip_tracking":false,"_monsterinsights_sitenote_active":false,"_monsterinsights_sitenote_note":"","_monsterinsights_sitenote_category":0},"product_brand":[],"product_cat":[119],"product_tag":[],"class_list":{"0":"post-9747","1":"product","2":"type-product","3":"status-publish","4":"has-post-thumbnail","6":"product_cat-software-de-control","8":"first","9":"instock","10":"shipping-taxable","11":"product-type-simple"},"acf":[],"_links":{"self":[{"href":"https:\/\/www.servosis.com\/pt\/wp-json\/wp\/v2\/product\/9747","targetHints":{"allow":["GET"]}}],"collection":[{"href":"https:\/\/www.servosis.com\/pt\/wp-json\/wp\/v2\/product"}],"about":[{"href":"https:\/\/www.servosis.com\/pt\/wp-json\/wp\/v2\/types\/product"}],"wp:featuredmedia":[{"embeddable":true,"href":"https:\/\/www.servosis.com\/pt\/wp-json\/wp\/v2\/media\/9748"}],"wp:attachment":[{"href":"https:\/\/www.servosis.com\/pt\/wp-json\/wp\/v2\/media?parent=9747"}],"wp:term":[{"taxonomy":"product_brand","embeddable":true,"href":"https:\/\/www.servosis.com\/pt\/wp-json\/wp\/v2\/product_brand?post=9747"},{"taxonomy":"product_cat","embeddable":true,"href":"https:\/\/www.servosis.com\/pt\/wp-json\/wp\/v2\/product_cat?post=9747"},{"taxonomy":"product_tag","embeddable":true,"href":"https:\/\/www.servosis.com\/pt\/wp-json\/wp\/v2\/product_tag?post=9747"}],"curies":[{"name":"wp","href":"https:\/\/api.w.org\/{rel}","templated":true}]}}