{"id":9752,"date":"2022-09-28T13:52:10","date_gmt":"2022-09-28T13:52:10","guid":{"rendered":"https:\/\/www.servosis.wsi.devsite.es\/?post_type=product&#038;p=9752"},"modified":"2022-11-16T17:25:18","modified_gmt":"2022-11-16T17:25:18","slug":"td2k","status":"publish","type":"product","link":"https:\/\/www.servosis.com\/pt\/producto\/td2k\/","title":{"rendered":"TD2K"},"content":{"rendered":"<p>\u00c9 uma ferramenta poderosa que, em conjunto com o hardware de aquisi\u00e7\u00e3o da Servosis, constitui uma ferramenta poderosa e vers\u00e1til para este fim.<br \/>\nFornece ao utilizador ferramentas de c\u00e1lculo e de personaliza\u00e7\u00e3o que tornam este produto facilmente adapt\u00e1vel a diferentes equipamentos de medi\u00e7\u00e3o.<br \/>\nAo mesmo tempo, disp\u00f5e de m\u00f3dulos personalizados, ecr\u00e3s de teste, concebidos para facilitar ao m\u00e1ximo as tarefas repetitivas e fornecer ao utilizador uma ferramenta para emitir relat\u00f3rios com c\u00e1lculos de resultados de uma forma conveniente.<\/p>","protected":false},"excerpt":{"rendered":"<p>TD2K \u00e9 um software espec\u00edfico destinado \u00e0 aquisi\u00e7\u00e3o de dados em tempo real tanto em nossas m\u00e1quinas de ensaio quanto em qualquer outro tipo de equipamento.<\/p>","protected":false},"featured_media":9753,"menu_order":0,"template":"","meta":{"_acf_changed":false,"om_disable_all_campaigns":false,"inline_featured_image":false,"_monsterinsights_skip_tracking":false,"_monsterinsights_sitenote_active":false,"_monsterinsights_sitenote_note":"","_monsterinsights_sitenote_category":0},"product_brand":[],"product_cat":[119],"product_tag":[],"class_list":{"0":"post-9752","1":"product","2":"type-product","3":"status-publish","4":"has-post-thumbnail","6":"product_cat-software-de-control","8":"first","9":"instock","10":"downloadable","11":"shipping-taxable","12":"product-type-simple"},"acf":[],"_links":{"self":[{"href":"https:\/\/www.servosis.com\/pt\/wp-json\/wp\/v2\/product\/9752","targetHints":{"allow":["GET"]}}],"collection":[{"href":"https:\/\/www.servosis.com\/pt\/wp-json\/wp\/v2\/product"}],"about":[{"href":"https:\/\/www.servosis.com\/pt\/wp-json\/wp\/v2\/types\/product"}],"wp:featuredmedia":[{"embeddable":true,"href":"https:\/\/www.servosis.com\/pt\/wp-json\/wp\/v2\/media\/9753"}],"wp:attachment":[{"href":"https:\/\/www.servosis.com\/pt\/wp-json\/wp\/v2\/media?parent=9752"}],"wp:term":[{"taxonomy":"product_brand","embeddable":true,"href":"https:\/\/www.servosis.com\/pt\/wp-json\/wp\/v2\/product_brand?post=9752"},{"taxonomy":"product_cat","embeddable":true,"href":"https:\/\/www.servosis.com\/pt\/wp-json\/wp\/v2\/product_cat?post=9752"},{"taxonomy":"product_tag","embeddable":true,"href":"https:\/\/www.servosis.com\/pt\/wp-json\/wp\/v2\/product_tag?post=9752"}],"curies":[{"name":"wp","href":"https:\/\/api.w.org\/{rel}","templated":true}]}}