{"id":9760,"date":"2022-09-28T14:00:40","date_gmt":"2022-09-28T14:00:40","guid":{"rendered":"https:\/\/www.servosis.wsi.devsite.es\/?post_type=product&#038;p=9760"},"modified":"2023-01-02T09:40:28","modified_gmt":"2023-01-02T09:40:28","slug":"automacoes-e-modernizacoes","status":"publish","type":"product","link":"https:\/\/www.servosis.com\/pt\/producto\/automatizaciones-y-modernizaciones\/","title":{"rendered":"AUTOMA\u00c7\u00d5ES E MODERNIZA\u00c7\u00d5ES"},"content":{"rendered":"<p><strong>Experi\u00eancia<\/strong><br \/>\nA Servosis conta com uma vasta experi\u00eancia no mundo dos ensaios de pe\u00e7as e materiais, quase 30 anos de trabalho que nos avalizam como uma refer\u00eancia no sector.<br \/>\nA nossa gama de produtos abrange todos os dom\u00ednios, aeron\u00e1utica, autom\u00f3vel, constru\u00e7\u00e3o, madeira, comp\u00f3sitos e tamb\u00e9m o sector ferrovi\u00e1rio.<\/p>\n<p><strong>Inova\u00e7\u00e3o<\/strong><br \/>\nEstamos em contacto com os principais fabricantes e centros de investiga\u00e7\u00e3o do sector para podermos oferecer produtos actualizados e adaptados \u00e0s mais recentes regulamenta\u00e7\u00f5es do sector.<\/p>\n<p><strong>Feito \u00e0 medida<\/strong><br \/>\nPor outro lado, o nosso fator diferencial \u00e9 a nossa capacidade de oferecer solu\u00e7\u00f5es personalizadas, de acordo com as necessidades espec\u00edficas de cada um dos nossos clientes.<\/p>\n<p>A soma de todos estes factores permite-nos realizar trabalhos de renova\u00e7\u00e3o e moderniza\u00e7\u00e3o de equipamentos de ensaio de todos os tipos.<br \/>\nPraticamente qualquer modelo de qualquer fabricante pode ser adaptado para uso com o nosso sistema de controle.<br \/>\nM\u00e1quinas com sistemas obsoletos ou avariados, sem possibilidade de serem utilizadas corretamente, voltam a ser \u00fateis e produtivas.<\/p>","protected":false},"excerpt":{"rendered":"<p>Podemos automatizar m\u00e1quinas com um controlo antigo, de qualquer marca, incorporando a nossa eletr\u00f3nica de controlo e aproveitando a parte mec\u00e2nica, que verificamos e afinamos.<\/p>","protected":false},"featured_media":9169,"menu_order":0,"template":"","meta":{"_acf_changed":false,"om_disable_all_campaigns":false,"inline_featured_image":false,"_monsterinsights_skip_tracking":false,"_monsterinsights_sitenote_active":false,"_monsterinsights_sitenote_note":"","_monsterinsights_sitenote_category":0},"product_brand":[],"product_cat":[120],"product_tag":[],"class_list":{"0":"post-9760","1":"product","2":"type-product","3":"status-publish","4":"has-post-thumbnail","6":"product_cat-actualizacion-maquinas-antiguas","8":"first","9":"instock","10":"shipping-taxable","11":"product-type-simple"},"acf":[],"_links":{"self":[{"href":"https:\/\/www.servosis.com\/pt\/wp-json\/wp\/v2\/product\/9760","targetHints":{"allow":["GET"]}}],"collection":[{"href":"https:\/\/www.servosis.com\/pt\/wp-json\/wp\/v2\/product"}],"about":[{"href":"https:\/\/www.servosis.com\/pt\/wp-json\/wp\/v2\/types\/product"}],"wp:featuredmedia":[{"embeddable":true,"href":"https:\/\/www.servosis.com\/pt\/wp-json\/wp\/v2\/media\/9169"}],"wp:attachment":[{"href":"https:\/\/www.servosis.com\/pt\/wp-json\/wp\/v2\/media?parent=9760"}],"wp:term":[{"taxonomy":"product_brand","embeddable":true,"href":"https:\/\/www.servosis.com\/pt\/wp-json\/wp\/v2\/product_brand?post=9760"},{"taxonomy":"product_cat","embeddable":true,"href":"https:\/\/www.servosis.com\/pt\/wp-json\/wp\/v2\/product_cat?post=9760"},{"taxonomy":"product_tag","embeddable":true,"href":"https:\/\/www.servosis.com\/pt\/wp-json\/wp\/v2\/product_tag?post=9760"}],"curies":[{"name":"wp","href":"https:\/\/api.w.org\/{rel}","templated":true}]}}