{"id":9834,"date":"2022-09-28T15:43:32","date_gmt":"2022-09-28T15:43:32","guid":{"rendered":"https:\/\/www.servosis.wsi.devsite.es\/?post_type=product&#038;p=9834"},"modified":"2022-12-14T13:50:05","modified_gmt":"2022-12-14T13:50:05","slug":"muf-401","status":"publish","type":"product","link":"https:\/\/www.servosis.com\/pt\/producto\/muf-401\/","title":{"rendered":"MUF 401"},"content":{"rendered":"<p>Ensaios DIN\u00c2MICOS de tra\u00e7\u00e3o, compress\u00e3o e flex\u00e3o<\/p>\n<p>Ensaios c\u00edclicos at\u00e9 100 Hz.<\/p>\n<p>Capacidade de carga entre 10 e 500 KN<\/p>\n<p>Velocidad de ensayos hasta 200 mm\/min<\/p>\n<p>Possibilidade de sincronizar controles de temperatura e ensaios.<\/p>\n<p>Ensayos para todo tipo de materiales:<\/p>\n<ul>\n<li>Metales.<\/li>\n<li>Pl\u00e1sticos.<\/li>\n<li>Maderas.<\/li>\n<li>Aislantes.<\/li>\n<li>Caucho.<\/li>\n<li>Composites.<\/li>\n<li>Biomateriales.<\/li>\n<li>Misturas betuminosas<\/li>\n<\/ul>\n<p>Princ\u00edpio de funcionamento servohidr\u00e1ulico.<\/p>\n<p>Medi\u00e7\u00e3o da for\u00e7a por c\u00e9lula de carga e sensores de press\u00e3o.<\/p>\n<p>Medi\u00e7\u00e3o de deslocamento usando um sensor linear SSI.<\/p>\n<p>Posibilidad de incorporar todo tipo de accesorios:<\/p>\n<ul>\n<li>Mordazas de tracci\u00f3n.<\/li>\n<li>Utillaje para ensayos a flexi\u00f3n.<\/li>\n<li>Utillaje para ensayos a compresi\u00f3n.<\/li>\n<li>Extensometr\u00eda.<\/li>\n<li>Ensayos climatizados.<\/li>\n<\/ul>","protected":false},"excerpt":{"rendered":"<p>DIN\u00c2MICA Ensaios de tra\u00e7\u00e3o, compress\u00e3o e flex\u00e3o.<\/p>","protected":false},"featured_media":9839,"menu_order":0,"template":"","meta":{"_acf_changed":false,"om_disable_all_campaigns":false,"inline_featured_image":false,"_monsterinsights_skip_tracking":false,"_monsterinsights_sitenote_active":false,"_monsterinsights_sitenote_note":"","_monsterinsights_sitenote_category":0},"product_brand":[],"product_cat":[109,122],"product_tag":[],"class_list":{"0":"post-9834","1":"product","2":"type-product","3":"status-publish","4":"has-post-thumbnail","6":"product_cat-maquinas-de-ensayo","7":"product_cat-maquinas-dinamicas-y-fatiga","9":"first","10":"instock","11":"shipping-taxable","12":"product-type-simple"},"acf":[],"_links":{"self":[{"href":"https:\/\/www.servosis.com\/pt\/wp-json\/wp\/v2\/product\/9834","targetHints":{"allow":["GET"]}}],"collection":[{"href":"https:\/\/www.servosis.com\/pt\/wp-json\/wp\/v2\/product"}],"about":[{"href":"https:\/\/www.servosis.com\/pt\/wp-json\/wp\/v2\/types\/product"}],"wp:featuredmedia":[{"embeddable":true,"href":"https:\/\/www.servosis.com\/pt\/wp-json\/wp\/v2\/media\/9839"}],"wp:attachment":[{"href":"https:\/\/www.servosis.com\/pt\/wp-json\/wp\/v2\/media?parent=9834"}],"wp:term":[{"taxonomy":"product_brand","embeddable":true,"href":"https:\/\/www.servosis.com\/pt\/wp-json\/wp\/v2\/product_brand?post=9834"},{"taxonomy":"product_cat","embeddable":true,"href":"https:\/\/www.servosis.com\/pt\/wp-json\/wp\/v2\/product_cat?post=9834"},{"taxonomy":"product_tag","embeddable":true,"href":"https:\/\/www.servosis.com\/pt\/wp-json\/wp\/v2\/product_tag?post=9834"}],"curies":[{"name":"wp","href":"https:\/\/api.w.org\/{rel}","templated":true}]}}